{"id":8223,"date":"2019-03-01T14:52:08","date_gmt":"2019-03-01T14:52:08","guid":{"rendered":"https:\/\/oeproma.at\/?page_id=8223"},"modified":"2023-11-14T16:19:44","modified_gmt":"2023-11-14T16:19:44","slug":"berber-zucht","status":"publish","type":"page","link":"https:\/\/oeproma.at\/en\/berber-zucht","title":{"rendered":"Berber-Zucht"},"content":{"rendered":"<div data-elementor-type=\"wp-post\" data-elementor-id=\"8223\" class=\"elementor elementor-8223\">\n\t\t\t\t\t\t<section class=\"elementor-section elementor-top-section elementor-element elementor-element-23c8184 elementor-section-boxed elementor-section-height-default elementor-section-height-default\" data-id=\"23c8184\" data-element_type=\"section\">\n\t\t\t\t\t\t<div class=\"elementor-container elementor-column-gap-default\">\n\t\t\t\t\t<div class=\"elementor-column elementor-col-100 elementor-top-column elementor-element elementor-element-53eb4a2\" data-id=\"53eb4a2\" data-element_type=\"column\">\n\t\t\t<div class=\"elementor-widget-wrap elementor-element-populated\">\n\t\t\t\t\t\t<div class=\"elementor-element elementor-element-802659e elementor-widget elementor-widget-heading\" data-id=\"802659e\" data-element_type=\"widget\" data-widget_type=\"heading.default\">\n\t\t\t\t<div class=\"elementor-widget-container\">\n\t\t\t\t\t<h2 class=\"elementor-heading-title elementor-size-default\">Berber-Gest\u00fct \"Al Ayur\"<\/h2>\t\t\t\t<\/div>\n\t\t\t\t<\/div>\n\t\t\t\t\t<\/div>\n\t\t<\/div>\n\t\t\t\t\t<\/div>\n\t\t<\/section>\n\t\t\t\t<section class=\"elementor-section elementor-top-section elementor-element elementor-element-613c7d4 elementor-section-boxed elementor-section-height-default elementor-section-height-default\" data-id=\"613c7d4\" data-element_type=\"section\">\n\t\t\t\t\t\t<div class=\"elementor-container elementor-column-gap-default\">\n\t\t\t\t\t<div class=\"elementor-column elementor-col-100 elementor-top-column elementor-element elementor-element-e3c3cd8\" data-id=\"e3c3cd8\" data-element_type=\"column\">\n\t\t\t<div class=\"elementor-widget-wrap elementor-element-populated\">\n\t\t\t\t\t\t<div class=\"elementor-element elementor-element-f1920ce elementor-widget elementor-widget-text-editor\" data-id=\"f1920ce\" data-element_type=\"widget\" data-widget_type=\"text-editor.default\">\n\t\t\t\t<div class=\"elementor-widget-container\">\n\t\t\t\t\t\t\t\t\t<p>Wir sind ein famili\u00e4res Gest\u00fct, das im Herbst 2009 aus Deutschland \u2013 genauer gesagt aus Witten am Rande des Ruhrgebietes \u2013 ins wundersch\u00f6ne K\u00e4rnten \u00fcbergesiedelt ist. Hier bewirtschaften wir auf knapp 1250 m H\u00f6he und mit traumhafter <strong>Aussicht auf die Karawanken<\/strong> einen 16 ha gro\u00dfen Hof.\u00a0<\/p><p>Trotz <strong>idyllischer Alleinlage<\/strong> sind wir nur 15 min. von der Herzogstadt St. Veit an der Glan mit allen Einkaufsm\u00f6glichkeiten und nur 30 min. vom Klagenfurter Flughafen entfernt.\u00a0<\/p>\t\t\t\t\t\t\t\t<\/div>\n\t\t\t\t<\/div>\n\t\t\t\t\t<\/div>\n\t\t<\/div>\n\t\t\t\t\t<\/div>\n\t\t<\/section>\n\t\t\t\t<section class=\"elementor-section elementor-top-section elementor-element elementor-element-2f426d9 elementor-section-boxed elementor-section-height-default elementor-section-height-default\" data-id=\"2f426d9\" data-element_type=\"section\">\n\t\t\t\t\t\t<div class=\"elementor-container elementor-column-gap-default\">\n\t\t\t\t\t<div class=\"elementor-column elementor-col-100 elementor-top-column elementor-element elementor-element-0164c87\" data-id=\"0164c87\" data-element_type=\"column\">\n\t\t\t<div class=\"elementor-widget-wrap elementor-element-populated\">\n\t\t\t\t\t\t<div class=\"elementor-element elementor-element-638d603 elementor-arrows-position-inside elementor-pagination-position-outside elementor-widget elementor-widget-image-carousel\" data-id=\"638d603\" data-element_type=\"widget\" data-settings=\"{&quot;slides_to_show&quot;:&quot;6&quot;,&quot;navigation&quot;:&quot;both&quot;,&quot;autoplay&quot;:&quot;yes&quot;,&quot;pause_on_hover&quot;:&quot;yes&quot;,&quot;pause_on_interaction&quot;:&quot;yes&quot;,&quot;autoplay_speed&quot;:5000,&quot;infinite&quot;:&quot;yes&quot;,&quot;speed&quot;:500}\" data-widget_type=\"image-carousel.default\">\n\t\t\t\t<div class=\"elementor-widget-container\">\n\t\t\t\t\t\t\t<div class=\"elementor-image-carousel-wrapper swiper\" role=\"region\" aria-roledescription=\"carousel\" aria-label=\"Image Carousel\" dir=\"ltr\">\n\t\t\t<div class=\"elementor-image-carousel swiper-wrapper swiper-image-stretch\" aria-live=\"off\">\n\t\t\t\t\t\t\t\t<div class=\"swiper-slide\" role=\"group\" aria-roledescription=\"slide\" aria-label=\"1 of 6\"><a data-elementor-open-lightbox=\"yes\" data-elementor-lightbox-slideshow=\"638d603\" data-elementor-lightbox-title=\"Fadia03aP\" data-e-action-hash=\"#elementor-action%3Aaction%3Dlightbox%26settings%3DeyJpZCI6NzkyNCwidXJsIjoiaHR0cHM6XC9cL29lcHJvbWEuYXRcL3dwLWNvbnRlbnRcL3VwbG9hZHNcLzIwMTlcLzAyXC9GYWRpYTAzYVAuanBnIiwic2xpZGVzaG93IjoiNjM4ZDYwMyJ9\" href=\"https:\/\/oeproma.at\/wp-content\/uploads\/2019\/02\/Fadia03aP.jpg\"><figure class=\"swiper-slide-inner\"><img decoding=\"async\" class=\"swiper-slide-image\" src=\"https:\/\/i0.wp.com\/oeproma.at\/wp-content\/uploads\/2019\/02\/Fadia03aP.jpg?resize=150%2C150&amp;ssl=1\" alt=\"Reiten in toller Natur\" \/><figcaption class=\"elementor-image-carousel-caption\">Reiten in toller Natur<\/figcaption><\/figure><\/a><\/div><div class=\"swiper-slide\" role=\"group\" aria-roledescription=\"slide\" aria-label=\"2 of 6\"><a data-elementor-open-lightbox=\"yes\" data-elementor-lightbox-slideshow=\"638d603\" data-elementor-lightbox-title=\"Stutenherde03\" data-e-action-hash=\"#elementor-action%3Aaction%3Dlightbox%26settings%3DeyJpZCI6NTc5LCJ1cmwiOiJodHRwczpcL1wvb2Vwcm9tYS5hdFwvd3AtY29udGVudFwvdXBsb2Fkc1wvMjAxOVwvMDJcL1N0dXRlbmhlcmRlMDMucG5nIiwic2xpZGVzaG93IjoiNjM4ZDYwMyJ9\" href=\"https:\/\/oeproma.at\/wp-content\/uploads\/2019\/02\/Stutenherde03.png\"><figure class=\"swiper-slide-inner\"><img decoding=\"async\" class=\"swiper-slide-image\" src=\"https:\/\/i0.wp.com\/oeproma.at\/wp-content\/uploads\/2019\/02\/Stutenherde03.png?resize=150%2C150&amp;ssl=1\" alt=\"Berber Stutenherde\" \/><figcaption class=\"elementor-image-carousel-caption\">Berber Stutenherde<\/figcaption><\/figure><\/a><\/div><div class=\"swiper-slide\" role=\"group\" aria-roledescription=\"slide\" aria-label=\"3 of 6\"><a data-elementor-open-lightbox=\"yes\" data-elementor-lightbox-slideshow=\"638d603\" data-elementor-lightbox-title=\"10702_SCALED_800x600\" data-e-action-hash=\"#elementor-action%3Aaction%3Dlightbox%26settings%3DeyJpZCI6NTY2LCJ1cmwiOiJodHRwczpcL1wvb2Vwcm9tYS5hdFwvd3AtY29udGVudFwvdXBsb2Fkc1wvMjAxOVwvMDJcLzEwNzAyX1NDQUxFRF84MDB4NjAwLTEtZTE1NDk5OTkwMjE1NzguanBnIiwic2xpZGVzaG93IjoiNjM4ZDYwMyJ9\" href=\"https:\/\/oeproma.at\/wp-content\/uploads\/2019\/02\/10702_SCALED_800x600-1-e1549999021578.jpg\"><figure class=\"swiper-slide-inner\"><img decoding=\"async\" class=\"swiper-slide-image\" src=\"https:\/\/i0.wp.com\/oeproma.at\/wp-content\/uploads\/2019\/02\/10702_SCALED_800x600-1-e1549999021578.jpg?resize=150%2C150&amp;ssl=1\" alt=\"Unsere Pferdewiese Hang abw\u00e4rts\" \/><figcaption class=\"elementor-image-carousel-caption\">Unsere Pferdewiese Hang abw\u00e4rts<\/figcaption><\/figure><\/a><\/div><div class=\"swiper-slide\" role=\"group\" aria-roledescription=\"slide\" aria-label=\"4 of 6\"><a data-elementor-open-lightbox=\"yes\" data-elementor-lightbox-slideshow=\"638d603\" data-elementor-lightbox-title=\"cropped-1237127_520776244669606_909210275_n.jpg\" data-elementor-lightbox-description=\"http:\/\/oeproma.at\/wp-content\/uploads\/2019\/02\/cropped-1237127_520776244669606_909210275_n.jpg\" data-e-action-hash=\"#elementor-action%3Aaction%3Dlightbox%26settings%3DeyJpZCI6NDQ4LCJ1cmwiOiJodHRwczpcL1wvb2Vwcm9tYS5hdFwvd3AtY29udGVudFwvdXBsb2Fkc1wvMjAxOVwvMDJcL2Nyb3BwZWQtMTIzNzEyN181MjA3NzYyNDQ2Njk2MDZfOTA5MjEwMjc1X24uanBnIiwic2xpZGVzaG93IjoiNjM4ZDYwMyJ9\" href=\"https:\/\/oeproma.at\/wp-content\/uploads\/2019\/02\/cropped-1237127_520776244669606_909210275_n.jpg\"><figure class=\"swiper-slide-inner\"><img decoding=\"async\" class=\"swiper-slide-image\" src=\"https:\/\/i0.wp.com\/oeproma.at\/wp-content\/uploads\/2019\/02\/cropped-1237127_520776244669606_909210275_n.jpg?resize=150%2C150&amp;ssl=1\" alt=\"cropped-1237127_520776244669606_909210275_n.jpg\" \/><\/figure><\/a><\/div><div class=\"swiper-slide\" role=\"group\" aria-roledescription=\"slide\" aria-label=\"5 of 6\"><a data-elementor-open-lightbox=\"yes\" data-elementor-lightbox-slideshow=\"638d603\" data-elementor-lightbox-title=\"IMG_4228\" data-e-action-hash=\"#elementor-action%3Aaction%3Dlightbox%26settings%3DeyJpZCI6ODIyNSwidXJsIjoiaHR0cHM6XC9cL29lcHJvbWEuYXRcL3dwLWNvbnRlbnRcL3VwbG9hZHNcLzIwMTlcLzAzXC9JTUdfNDIyOC5qcGciLCJzbGlkZXNob3ciOiI2MzhkNjAzIn0%3D\" href=\"https:\/\/oeproma.at\/wp-content\/uploads\/2019\/03\/IMG_4228.jpg\"><figure class=\"swiper-slide-inner\"><img decoding=\"async\" class=\"swiper-slide-image\" src=\"https:\/\/i0.wp.com\/oeproma.at\/wp-content\/uploads\/2019\/03\/IMG_4228.jpg?resize=150%2C150&amp;ssl=1\" alt=\"Vereinsveranstaltungen\" \/><figcaption class=\"elementor-image-carousel-caption\">Vereinsveranstaltungen<\/figcaption><\/figure><\/a><\/div><div class=\"swiper-slide\" role=\"group\" aria-roledescription=\"slide\" aria-label=\"6 of 6\"><a data-elementor-open-lightbox=\"yes\" data-elementor-lightbox-slideshow=\"638d603\" data-elementor-lightbox-title=\"ArnoldZultan06\" data-e-action-hash=\"#elementor-action%3Aaction%3Dlightbox%26settings%3DeyJpZCI6ODIyNiwidXJsIjoiaHR0cHM6XC9cL29lcHJvbWEuYXRcL3dwLWNvbnRlbnRcL3VwbG9hZHNcLzIwMTlcLzAzXC9Bcm5vbGRadWx0YW4wNi5qcGciLCJzbGlkZXNob3ciOiI2MzhkNjAzIn0%3D\" href=\"https:\/\/oeproma.at\/wp-content\/uploads\/2019\/03\/ArnoldZultan06.jpg\"><figure class=\"swiper-slide-inner\"><img decoding=\"async\" class=\"swiper-slide-image\" src=\"https:\/\/i0.wp.com\/oeproma.at\/wp-content\/uploads\/2019\/03\/ArnoldZultan06.jpg?resize=150%2C150&amp;ssl=1\" alt=\"Vorf\u00fchrungen\" \/><figcaption class=\"elementor-image-carousel-caption\">Vorf\u00fchrungen<\/figcaption><\/figure><\/a><\/div>\t\t\t<\/div>\n\t\t\t\t\t\t\t\t\t\t\t\t<div class=\"elementor-swiper-button elementor-swiper-button-prev\" role=\"button\" tabindex=\"0\">\n\t\t\t\t\t\t<i aria-hidden=\"true\" class=\"eicon-chevron-left\"><\/i>\t\t\t\t\t<\/div>\n\t\t\t\t\t<div class=\"elementor-swiper-button elementor-swiper-button-next\" role=\"button\" tabindex=\"0\">\n\t\t\t\t\t\t<i aria-hidden=\"true\" class=\"eicon-chevron-right\"><\/i>\t\t\t\t\t<\/div>\n\t\t\t\t\n\t\t\t\t\t\t\t\t\t<div class=\"swiper-pagination\"><\/div>\n\t\t\t\t\t\t\t\t\t<\/div>\n\t\t\t\t\t\t<\/div>\n\t\t\t\t<\/div>\n\t\t\t\t\t<\/div>\n\t\t<\/div>\n\t\t\t\t\t<\/div>\n\t\t<\/section>\n\t\t\t\t<section class=\"elementor-section elementor-top-section elementor-element elementor-element-04ef041 elementor-section-boxed elementor-section-height-default elementor-section-height-default\" data-id=\"04ef041\" data-element_type=\"section\">\n\t\t\t\t\t\t<div class=\"elementor-container elementor-column-gap-default\">\n\t\t\t\t\t<div class=\"elementor-column elementor-col-100 elementor-top-column elementor-element elementor-element-596d811\" data-id=\"596d811\" data-element_type=\"column\">\n\t\t\t<div class=\"elementor-widget-wrap elementor-element-populated\">\n\t\t\t\t\t\t<div class=\"elementor-element elementor-element-0349f8b elementor-widget elementor-widget-text-editor\" data-id=\"0349f8b\" data-element_type=\"widget\" data-widget_type=\"text-editor.default\">\n\t\t\t\t<div class=\"elementor-widget-container\">\n\t\t\t\t\t\t\t\t\t<p>Unsere Hengste stehen w\u00e4hrend der Decksaison (April bis September) Gaststuten zur Verf\u00fcgung \u2013 bevorzugt werden Stuten der Rassen Berber, Araber-Berber oder Araber, aber auch zu unseren Hengsten passende Stuten anderer Rassen nehmen wir gerne auf.<\/p><p><strong>Besucher<\/strong> sind bei uns (nach telefonischer Voranmeldung) <strong>jederzeit willkommen<\/strong> und wir w\u00fcrden uns freuen, Sie einmal bei uns begr\u00fc\u00dfen zu d\u00fcrfen.<\/p><p>Nat\u00fcrlich haben wir auch die M\u00f6glichkeit, Rasseinteressierten, Kaufinteressenten und \u201enormalen\u201c Urlaubern Unterkunft in unseren<strong><a href=\"https:\/\/oeproma.at\/en\/urlaub\/\"> Ferienwohnungen am Hof<\/a><\/strong> oder in einem unserer <a href=\"https:\/\/oeproma.at\/en\/alm-chalets\/\"><strong>alleinstehenden G\u00e4steh\u00e4user<\/strong><\/a> anzubieten. K\u00e4rnten ist immer einen Urlaub wert!<\/p>\t\t\t\t\t\t\t\t<\/div>\n\t\t\t\t<\/div>\n\t\t\t\t\t<\/div>\n\t\t<\/div>\n\t\t\t\t\t<\/div>\n\t\t<\/section>\n\t\t\t\t<section class=\"elementor-section elementor-top-section elementor-element elementor-element-213e509 elementor-section-boxed elementor-section-height-default elementor-section-height-default\" data-id=\"213e509\" data-element_type=\"section\">\n\t\t\t\t\t\t<div class=\"elementor-container elementor-column-gap-default\">\n\t\t\t\t\t<div class=\"elementor-column elementor-col-100 elementor-top-column elementor-element elementor-element-45eb281\" data-id=\"45eb281\" data-element_type=\"column\">\n\t\t\t<div class=\"elementor-widget-wrap elementor-element-populated\">\n\t\t\t\t\t\t<div class=\"elementor-element elementor-element-091eaf3 elementor-arrows-position-inside elementor-pagination-position-outside elementor-widget elementor-widget-image-carousel\" data-id=\"091eaf3\" data-element_type=\"widget\" data-settings=\"{&quot;slides_to_show&quot;:&quot;6&quot;,&quot;navigation&quot;:&quot;both&quot;,&quot;autoplay&quot;:&quot;yes&quot;,&quot;pause_on_hover&quot;:&quot;yes&quot;,&quot;pause_on_interaction&quot;:&quot;yes&quot;,&quot;autoplay_speed&quot;:5000,&quot;infinite&quot;:&quot;yes&quot;,&quot;speed&quot;:500}\" data-widget_type=\"image-carousel.default\">\n\t\t\t\t<div class=\"elementor-widget-container\">\n\t\t\t\t\t\t\t<div class=\"elementor-image-carousel-wrapper swiper\" role=\"region\" aria-roledescription=\"carousel\" aria-label=\"Image Carousel\" dir=\"ltr\">\n\t\t\t<div class=\"elementor-image-carousel swiper-wrapper swiper-image-stretch\" aria-live=\"off\">\n\t\t\t\t\t\t\t\t<div class=\"swiper-slide\" role=\"group\" aria-roledescription=\"slide\" aria-label=\"1 of 7\"><a data-elementor-open-lightbox=\"yes\" data-elementor-lightbox-slideshow=\"091eaf3\" data-elementor-lightbox-title=\"cropped-IMG_1046.jpg\" data-elementor-lightbox-description=\"http:\/\/oeproma.at\/wp-content\/uploads\/2019\/02\/cropped-IMG_1046.jpg\" data-e-action-hash=\"#elementor-action%3Aaction%3Dlightbox%26settings%3DeyJpZCI6MjU5LCJ1cmwiOiJodHRwczpcL1wvb2Vwcm9tYS5hdFwvd3AtY29udGVudFwvdXBsb2Fkc1wvMjAxOVwvMDJcL2Nyb3BwZWQtSU1HXzEwNDYuanBnIiwic2xpZGVzaG93IjoiMDkxZWFmMyJ9\" href=\"https:\/\/oeproma.at\/wp-content\/uploads\/2019\/02\/cropped-IMG_1046.jpg\"><figure class=\"swiper-slide-inner\"><img decoding=\"async\" class=\"swiper-slide-image\" src=\"https:\/\/i0.wp.com\/oeproma.at\/wp-content\/uploads\/2019\/02\/cropped-IMG_1046.jpg?resize=150%2C150&amp;ssl=1\" alt=\"cropped-IMG_1046.jpg\" \/><\/figure><\/a><\/div><div class=\"swiper-slide\" role=\"group\" aria-roledescription=\"slide\" aria-label=\"2 of 7\"><a data-elementor-open-lightbox=\"yes\" data-elementor-lightbox-slideshow=\"091eaf3\" data-elementor-lightbox-title=\"Pferde\" data-e-action-hash=\"#elementor-action%3Aaction%3Dlightbox%26settings%3DeyJpZCI6MzI0LCJ1cmwiOiJodHRwczpcL1wvb2Vwcm9tYS5hdFwvd3AtY29udGVudFwvdXBsb2Fkc1wvMjAxOVwvMDJcL1BmZXJkZS5qcGciLCJzbGlkZXNob3ciOiIwOTFlYWYzIn0%3D\" href=\"https:\/\/oeproma.at\/wp-content\/uploads\/2019\/02\/Pferde.jpg\"><figure class=\"swiper-slide-inner\"><img decoding=\"async\" class=\"swiper-slide-image\" src=\"https:\/\/i0.wp.com\/oeproma.at\/wp-content\/uploads\/2019\/02\/Pferde.jpg?resize=150%2C150&amp;ssl=1\" alt=\"Pferde auf der Wiese Berbergest\u00fct Liebenfels\" \/><\/figure><\/a><\/div><div class=\"swiper-slide\" role=\"group\" aria-roledescription=\"slide\" aria-label=\"3 of 7\"><a data-elementor-open-lightbox=\"yes\" data-elementor-lightbox-slideshow=\"091eaf3\" data-elementor-lightbox-title=\"Gaestehaus01\" data-e-action-hash=\"#elementor-action%3Aaction%3Dlightbox%26settings%3DeyJpZCI6NTcwLCJ1cmwiOiJodHRwczpcL1wvb2Vwcm9tYS5hdFwvd3AtY29udGVudFwvdXBsb2Fkc1wvMjAxOVwvMDJcL0dhZXN0ZWhhdXMwMS0xLmpwZyIsInNsaWRlc2hvdyI6IjA5MWVhZjMifQ%3D%3D\" href=\"https:\/\/oeproma.at\/wp-content\/uploads\/2019\/02\/Gaestehaus01-1.jpg\"><figure class=\"swiper-slide-inner\"><img decoding=\"async\" class=\"swiper-slide-image\" src=\"https:\/\/i0.wp.com\/oeproma.at\/wp-content\/uploads\/2019\/02\/Gaestehaus01-1.jpg?resize=150%2C150&amp;ssl=1\" alt=\"Ferienhaus Karawankenpanorama 1\" \/><figcaption class=\"elementor-image-carousel-caption\">Ferienhaus Karawankenpanorama 1<\/figcaption><\/figure><\/a><\/div><div class=\"swiper-slide\" role=\"group\" aria-roledescription=\"slide\" aria-label=\"4 of 7\"><a data-elementor-open-lightbox=\"yes\" data-elementor-lightbox-slideshow=\"091eaf3\" data-elementor-lightbox-title=\"20190216_135632\" data-e-action-hash=\"#elementor-action%3Aaction%3Dlightbox%26settings%3DeyJpZCI6Nzg0OCwidXJsIjoiaHR0cHM6XC9cL29lcHJvbWEuYXRcL3dwLWNvbnRlbnRcL3VwbG9hZHNcLzIwMTlcLzAyXC8yMDE5MDIxNl8xMzU2MzIuanBnIiwic2xpZGVzaG93IjoiMDkxZWFmMyJ9\" href=\"https:\/\/oeproma.at\/wp-content\/uploads\/2019\/02\/20190216_135632.jpg\"><figure class=\"swiper-slide-inner\"><img decoding=\"async\" class=\"swiper-slide-image\" src=\"https:\/\/i0.wp.com\/oeproma.at\/wp-content\/uploads\/2019\/02\/20190216_135632.jpg?resize=150%2C150&amp;ssl=1\" alt=\"20190216_135632\" \/><\/figure><\/a><\/div><div class=\"swiper-slide\" role=\"group\" aria-roledescription=\"slide\" aria-label=\"5 of 7\"><a data-elementor-open-lightbox=\"yes\" data-elementor-lightbox-slideshow=\"091eaf3\" data-elementor-lightbox-title=\"Paadaash11\" data-e-action-hash=\"#elementor-action%3Aaction%3Dlightbox%26settings%3DeyJpZCI6NzkyNiwidXJsIjoiaHR0cHM6XC9cL29lcHJvbWEuYXRcL3dwLWNvbnRlbnRcL3VwbG9hZHNcLzIwMTlcLzAyXC9QYWFkYWFzaDExLmpwZyIsInNsaWRlc2hvdyI6IjA5MWVhZjMifQ%3D%3D\" href=\"https:\/\/oeproma.at\/wp-content\/uploads\/2019\/02\/Paadaash11.jpg\"><figure class=\"swiper-slide-inner\"><img decoding=\"async\" class=\"swiper-slide-image\" src=\"https:\/\/i0.wp.com\/oeproma.at\/wp-content\/uploads\/2019\/02\/Paadaash11.jpg?resize=150%2C150&amp;ssl=1\" alt=\"Paadaash11\" \/><\/figure><\/a><\/div><div class=\"swiper-slide\" role=\"group\" aria-roledescription=\"slide\" aria-label=\"6 of 7\"><a data-elementor-open-lightbox=\"yes\" data-elementor-lightbox-slideshow=\"091eaf3\" data-elementor-lightbox-title=\"Gaestehausauszen\" data-e-action-hash=\"#elementor-action%3Aaction%3Dlightbox%26settings%3DeyJpZCI6NTcxLCJ1cmwiOiJodHRwczpcL1wvb2Vwcm9tYS5hdFwvd3AtY29udGVudFwvdXBsb2Fkc1wvMjAxOVwvMDJcL0dhZXN0ZWhhdXNhdXN6ZW4tMi5qcGciLCJzbGlkZXNob3ciOiIwOTFlYWYzIn0%3D\" href=\"https:\/\/oeproma.at\/wp-content\/uploads\/2019\/02\/Gaestehausauszen-2.jpg\"><figure class=\"swiper-slide-inner\"><img decoding=\"async\" class=\"swiper-slide-image\" src=\"https:\/\/i0.wp.com\/oeproma.at\/wp-content\/uploads\/2019\/02\/Gaestehausauszen-2.jpg?resize=150%2C150&amp;ssl=1\" alt=\"Ferienhaus Karawankenpanorama 2\" \/><figcaption class=\"elementor-image-carousel-caption\">Ferienhaus Karawankenpanorama 2<\/figcaption><\/figure><\/a><\/div><div class=\"swiper-slide\" role=\"group\" aria-roledescription=\"slide\" aria-label=\"7 of 7\"><a data-elementor-open-lightbox=\"yes\" data-elementor-lightbox-slideshow=\"091eaf3\" data-elementor-lightbox-title=\"GH1_oben_Ansicht_Winter01\" data-e-action-hash=\"#elementor-action%3Aaction%3Dlightbox%26settings%3DeyJpZCI6NTczLCJ1cmwiOiJodHRwczpcL1wvb2Vwcm9tYS5hdFwvd3AtY29udGVudFwvdXBsb2Fkc1wvMjAxOVwvMDJcL0dIMV9vYmVuX0Fuc2ljaHRfV2ludGVyMDEtMS5qcGciLCJzbGlkZXNob3ciOiIwOTFlYWYzIn0%3D\" href=\"https:\/\/oeproma.at\/wp-content\/uploads\/2019\/02\/GH1_oben_Ansicht_Winter01-1.jpg\"><figure class=\"swiper-slide-inner\"><img decoding=\"async\" class=\"swiper-slide-image\" src=\"https:\/\/i0.wp.com\/oeproma.at\/wp-content\/uploads\/2019\/02\/GH1_oben_Ansicht_Winter01-1.jpg?resize=150%2C150&amp;ssl=1\" alt=\"Ferienhaus Karawakkenpanorama 1 Winter\" \/><figcaption class=\"elementor-image-carousel-caption\">Karawankenpanorama 1 Winter<\/figcaption><\/figure><\/a><\/div>\t\t\t<\/div>\n\t\t\t\t\t\t\t\t\t\t\t\t<div class=\"elementor-swiper-button elementor-swiper-button-prev\" role=\"button\" tabindex=\"0\">\n\t\t\t\t\t\t<i aria-hidden=\"true\" class=\"eicon-chevron-left\"><\/i>\t\t\t\t\t<\/div>\n\t\t\t\t\t<div class=\"elementor-swiper-button elementor-swiper-button-next\" role=\"button\" tabindex=\"0\">\n\t\t\t\t\t\t<i aria-hidden=\"true\" class=\"eicon-chevron-right\"><\/i>\t\t\t\t\t<\/div>\n\t\t\t\t\n\t\t\t\t\t\t\t\t\t<div class=\"swiper-pagination\"><\/div>\n\t\t\t\t\t\t\t\t\t<\/div>\n\t\t\t\t\t\t<\/div>\n\t\t\t\t<\/div>\n\t\t\t\t\t<\/div>\n\t\t<\/div>\n\t\t\t\t\t<\/div>\n\t\t<\/section>\n\t\t\t\t<section class=\"elementor-section elementor-top-section elementor-element elementor-element-9674741 elementor-section-boxed elementor-section-height-default elementor-section-height-default\" data-id=\"9674741\" data-element_type=\"section\">\n\t\t\t\t\t\t<div class=\"elementor-container elementor-column-gap-default\">\n\t\t\t\t\t<div class=\"elementor-column elementor-col-100 elementor-top-column elementor-element elementor-element-bde318f\" data-id=\"bde318f\" data-element_type=\"column\">\n\t\t\t<div class=\"elementor-widget-wrap elementor-element-populated\">\n\t\t\t\t\t\t<div class=\"elementor-element elementor-element-88d4a94 elementor-widget elementor-widget-testimonial\" data-id=\"88d4a94\" data-element_type=\"widget\" data-widget_type=\"testimonial.default\">\n\t\t\t\t<div class=\"elementor-widget-container\">\n\t\t\t\t\t\t\t<div class=\"elementor-testimonial-wrapper\">\n\t\t\t\t\t\t\t<div class=\"elementor-testimonial-content\">Du \u00fcberlegst ein Pferd zu erwerben, uns einmal zu besuchen oder vielleicht einen Reiturlaub zu verbringen? <br><br>Du willst genauere Informationen \u00fcber unsere Berber-Zucht? <br>Auf unserer Gest\u00fcts-Website findest Du alle Informationen!<\/div>\n\t\t\t\n\t\t\t\t\t\t<div class=\"elementor-testimonial-meta elementor-has-image elementor-testimonial-image-position-aside\">\n\t\t\t\t<div class=\"elementor-testimonial-meta-inner\">\n\t\t\t\t\t\t\t\t\t\t\t<div class=\"elementor-testimonial-image\">\n\t\t\t\t\t\t\t<a href=\"https:\/\/berberzucht.at\/\"><img fetchpriority=\"high\" decoding=\"async\" data-attachment-id=\"7925\" data-permalink=\"https:\/\/oeproma.at\/en\/kidsfohlen01\" data-orig-file=\"https:\/\/i0.wp.com\/oeproma.at\/wp-content\/uploads\/2019\/02\/KidsFohlen01.jpg?fit=539%2C359&amp;ssl=1\" data-orig-size=\"539,359\" data-comments-opened=\"1\" data-image-meta=\"{&quot;aperture&quot;:&quot;0&quot;,&quot;credit&quot;:&quot;&quot;,&quot;camera&quot;:&quot;&quot;,&quot;caption&quot;:&quot;&quot;,&quot;created_timestamp&quot;:&quot;0&quot;,&quot;copyright&quot;:&quot;&quot;,&quot;focal_length&quot;:&quot;0&quot;,&quot;iso&quot;:&quot;0&quot;,&quot;shutter_speed&quot;:&quot;0&quot;,&quot;title&quot;:&quot;&quot;,&quot;orientation&quot;:&quot;0&quot;}\" data-image-title=\"KidsFohlen01\" data-image-description=\"\" data-image-caption=\"\" data-medium-file=\"https:\/\/i0.wp.com\/oeproma.at\/wp-content\/uploads\/2019\/02\/KidsFohlen01.jpg?fit=300%2C200&amp;ssl=1\" data-large-file=\"https:\/\/i0.wp.com\/oeproma.at\/wp-content\/uploads\/2019\/02\/KidsFohlen01.jpg?fit=539%2C359&amp;ssl=1\" tabindex=\"0\" role=\"button\" width=\"539\" height=\"359\" src=\"https:\/\/i0.wp.com\/oeproma.at\/wp-content\/uploads\/2019\/02\/KidsFohlen01.jpg?fit=539%2C359&amp;ssl=1\" class=\"attachment-full size-full wp-image-7925\" alt=\"\" srcset=\"https:\/\/i0.wp.com\/oeproma.at\/wp-content\/uploads\/2019\/02\/KidsFohlen01.jpg?w=539&amp;ssl=1 539w, https:\/\/i0.wp.com\/oeproma.at\/wp-content\/uploads\/2019\/02\/KidsFohlen01.jpg?resize=300%2C200&amp;ssl=1 300w\" sizes=\"(max-width: 539px) 100vw, 539px\" \/><\/a>\t\t\t\t\t\t<\/div>\n\t\t\t\t\t\n\t\t\t\t\t\t\t\t\t\t<div class=\"elementor-testimonial-details\">\n\t\t\t\t\t\t\t\t\t\t\t\t\t\t<a class=\"elementor-testimonial-name\" href=\"https:\/\/berberzucht.at\/\">Berber Gest\u00fct Al Ayur<\/a>\n\t\t\t\t\t\t\t\t\t\t\t\t\t\t\t\t\t\t\t\t\t\t<a class=\"elementor-testimonial-job\" href=\"https:\/\/berberzucht.at\/\">Zur Gest\u00fcts Website<\/a>\n\t\t\t\t\t\t\t\t\t\t\t\t\t<\/div>\n\t\t\t\t\t\t\t\t\t<\/div>\n\t\t\t<\/div>\n\t\t\t\t\t<\/div>\n\t\t\t\t\t\t<\/div>\n\t\t\t\t<\/div>\n\t\t\t\t\t<\/div>\n\t\t<\/div>\n\t\t\t\t\t<\/div>\n\t\t<\/section>\n\t\t\t\t<\/div>","protected":false},"excerpt":{"rendered":"<p>Berber-Gest\u00fct &#8222;Al Ayur&#8220; Wir sind ein famili\u00e4res Gest\u00fct, das im Herbst 2009 aus Deutschland \u2013 genauer gesagt aus Witten am Rande des Ruhrgebietes \u2013 ins wundersch\u00f6ne K\u00e4rnten \u00fcbergesiedelt ist. Hier bewirtschaften wir auf knapp 1250 m H\u00f6he und mit traumhafter Aussicht auf die Karawanken einen 16 ha gro\u00dfen Hof.\u00a0 Trotz idyllischer Alleinlage sind wir nur&hellip; <br \/> <a class=\"read-more\" href=\"https:\/\/oeproma.at\/en\/berber-zucht\">Read more<\/a><\/p>","protected":false},"author":1,"featured_media":0,"parent":0,"menu_order":0,"comment_status":"closed","ping_status":"closed","template":"","meta":{"jetpack_post_was_ever_published":false,"footnotes":""},"jetpack_sharing_enabled":true,"jetpack_shortlink":"https:\/\/wp.me\/PaDU6A-28D","jetpack-related-posts":[],"_links":{"self":[{"href":"https:\/\/oeproma.at\/en\/wp-json\/wp\/v2\/pages\/8223"}],"collection":[{"href":"https:\/\/oeproma.at\/en\/wp-json\/wp\/v2\/pages"}],"about":[{"href":"https:\/\/oeproma.at\/en\/wp-json\/wp\/v2\/types\/page"}],"author":[{"embeddable":true,"href":"https:\/\/oeproma.at\/en\/wp-json\/wp\/v2\/users\/1"}],"replies":[{"embeddable":true,"href":"https:\/\/oeproma.at\/en\/wp-json\/wp\/v2\/comments?post=8223"}],"version-history":[{"count":27,"href":"https:\/\/oeproma.at\/en\/wp-json\/wp\/v2\/pages\/8223\/revisions"}],"predecessor-version":[{"id":8937,"href":"https:\/\/oeproma.at\/en\/wp-json\/wp\/v2\/pages\/8223\/revisions\/8937"}],"wp:attachment":[{"href":"https:\/\/oeproma.at\/en\/wp-json\/wp\/v2\/media?parent=8223"}],"curies":[{"name":"wp","href":"https:\/\/api.w.org\/{rel}","templated":true}]}}