{"id":8010,"date":"2019-02-21T19:03:37","date_gmt":"2019-02-21T19:03:37","guid":{"rendered":"http:\/\/oeproma.at\/?page_id=8010"},"modified":"2025-06-25T12:31:38","modified_gmt":"2025-06-25T12:31:38","slug":"agb","status":"publish","type":"page","link":"https:\/\/oeproma.at\/en\/agb","title":{"rendered":"AGBs"},"content":{"rendered":"<div data-elementor-type=\"wp-post\" data-elementor-id=\"8010\" class=\"elementor elementor-8010\">\n\t\t\t\t\t\t<section class=\"elementor-section elementor-top-section elementor-element elementor-element-3bf0c08b elementor-section-boxed elementor-section-height-default elementor-section-height-default\" data-id=\"3bf0c08b\" data-element_type=\"section\">\n\t\t\t\t\t\t<div class=\"elementor-container elementor-column-gap-default\">\n\t\t\t\t\t<div class=\"elementor-column elementor-col-100 elementor-top-column elementor-element elementor-element-1e38d0cf\" data-id=\"1e38d0cf\" data-element_type=\"column\">\n\t\t\t<div class=\"elementor-widget-wrap elementor-element-populated\">\n\t\t\t\t\t\t<div class=\"elementor-element elementor-element-531350f6 elementor-widget elementor-widget-text-editor\" data-id=\"531350f6\" data-element_type=\"widget\" data-widget_type=\"text-editor.default\">\n\t\t\t\t<div class=\"elementor-widget-container\">\n\t\t\t\t\t\t\t\t\t<p><\/p>\n<h3>Allgemeine Gesch\u00e4ftsbedingungen der Firma OeProMa Projektrealisationen GmbH<\/h3>\n<p>Diese Vereinbarung gilt f\u00fcr den Haftungsausschluss einer Veranstaltung (im Folgenden die \u201eVeranstaltung\u201c) wird zwischen der OeProMa Projektrealisationen GmbH, im folgenden Veranstalter, und den Teilnehmern der Veranstaltung (zusammen die \u201eParteien\u201c) geschlossen.<\/p>\n<p>Im Falle des Vertragsschlusses kommt der Vertrag mit<\/p>\n<p>OeProMa Projektrealisationen GmbH<br \/>Dir.\/CEO: Dipl.-Ing. Hilmar Pfeiffer<br \/>S\u00f6rgerberg 17<br \/>A-9556 Liebenfels<br \/>Registernummer FN 426550 f<br \/>Registergericht Amtsgericht Klagenfurt<\/p>\n<p>zustande.<\/p>\n<p><br \/>1.Zustandekommen eines Vertrages<br \/>Die Buchung eines Veranstaltungstermines, sei es schriftlich oder telefonisch, beinhaltete einen rechtsg\u00fcltigen verbindlichen Vertrag zwischen beiden Parteien. Als Preise und Konditionen gelten verbindlich die aktuell auf der entsprechenden homepage gelisteten.<\/p>\n<p>2.Stornierung<br \/>Der Veranstalter ist im Stornierungsfall jedenfalls und unabh\u00e4ngig von den Gr\u00fcnden der Stornierung berechtigt, ab dem 13. Tag vor dem gebuchten Termin bei einer Stornierung 20% des bei der Buchung ergebenden Mindestbetrages (gebuchte Teilnehmeranzahl mit erm\u00e4\u00dfigten Preisen) zu erheben.<br \/>Die Stornogeb\u00fchr kann nach einer Stornierung sofort durch Rechnungslegung f\u00e4llig gestellt werden.<\/p>\n<p>3. Haftungsbeschr\u00e4nkung<br \/>Die Teilnehmer nehmen zur Kenntnis und stimmen zu, dass sie vollst\u00e4ndig und ausschlie\u00dflich f\u00fcr ihr eigenes Handeln w\u00e4hrend der Veranstaltung verantwortlich sind. Der Veranstalter \u00fcbernimmt keine Haftung f\u00fcr Verletzungen, Sch\u00e4den, Verluste oder Diebst\u00e4hle, die w\u00e4hrend der Veranstaltung auftreten k\u00f6nnen. Vor jeder Veranstaltung werden die Teilnehmer auf die jeweiligen Gefahren und Einschr\u00e4nkungen hingewiesen. Au\u00dferdem werden die spezifischen Verhaltensregeln erl\u00e4utert. Mit Antritt der Veranstaltung gelten diese als vollst\u00e4ndig verstanden und akzeptiert. Bei Zuwiderhandlung kann dies zum sofortigen und zuk\u00fcnftigen Ausschluss von den aktuellen und folgenden Veranstaltungen f\u00fchren. <br \/>F\u00fcr sich aus Fehverhalten ergebende Sch\u00e4den wird vom Veranstalter keinerlei Haftung \u00fcbernommen.<br \/>Au\u00dferdem steht dem Veranstalter frei, bei durch Zuwiderhandlung oder grober Fahrl\u00e4ssigkeit erfolgten Sch\u00e4den diese dem Teilnehmer in Rechnung zu stellen.<\/p>\n<p>4. Versicherungsschutz<br \/>Die Teilnehmer erkennen an, dass der Veranstalter keine Versicherungen f\u00fcr die Teilnehmer abschlie\u00dft. Es liegt in der Verantwortung der Teilnehmer, eine ausreichende Versicherung f\u00fcr die Veranstaltung abzuschlie\u00dfen, wenn dies gew\u00fcnscht wird.<\/p>\n<p>5. Einverst\u00e4ndniserkl\u00e4rung<br \/>Die Teilnehmer erkl\u00e4ren sich damit einverstanden, dass w\u00e4hrend der Veranstaltung Fotos oder Videos von ihnen aufgenommen werden k\u00f6nnen. Diese Aufnahmen k\u00f6nnen f\u00fcr zuk\u00fcnftige Veranstaltungen, Werbezwecke oder andere Veranstaltungsbezogene Zwecke verwendet werden, ohne dass den Teilnehmern eine Entsch\u00e4digung oder Gegenleistung zusteht. <br \/>Sollte der Teilnehmer damit nicht einverstanden sein ist dies dem Veranstalter vor Beginn der Veranstaltung mitzuteilen.<\/p>\n<p>6. Zustimmung zur Ver\u00f6ffentlichung<br \/>Die Teilnehmer erkl\u00e4ren sich damit einverstanden, dass ihr Name, Bild oder Kommentare in \u00f6ffentlichen Medien oder sozialen Netzwerken im Zusammenhang mit der Veranstaltung ver\u00f6ffentlicht werden k\u00f6nnen. Die Teilnehmer verzichten hiermit auf jedes Recht auf Privatsph\u00e4re oder auf Schadensersatzanspr\u00fcche in Bezug auf solche Ver\u00f6ffentlichungen.<br \/>Sollte der Teilnehmer damit nicht einverstanden sein ist dies dem Veranstalter vor Beginn der Veranstaltung mitzuteilen.<\/p>\n<p>7. Haftungsfreistellung<br \/>Die Teilnehmer erkl\u00e4ren sich damit einverstanden, den Veranstalter und seine Vertreter von jeglichen Anspr\u00fcchen, Forderungen, Sch\u00e4den oder Verlusten, einschlie\u00dflich Rechtskosten, freizustellen und schadlos zu halten, die sich aus der Teilnahme an der Veranstaltung ergeben.<\/p>\n<p>8. Salvatorische Klausel<br \/>Sollte eine Bestimmung dieser Vereinbarung f\u00fcr ung\u00fcltig oder undurchsetzbar erkl\u00e4rt werden, so bleiben die \u00fcbrigen Bestimmungen hiervon unber\u00fchrt und bleiben weiterhin vollst\u00e4ndig\u00a0in\u00a0Kraft.<\/p>\n<p><\/p>\t\t\t\t\t\t\t\t<\/div>\n\t\t\t\t<\/div>\n\t\t\t\t\t<\/div>\n\t\t<\/div>\n\t\t\t\t\t<\/div>\n\t\t<\/section>\n\t\t\t\t<\/div>","protected":false},"excerpt":{"rendered":"","protected":false},"author":1,"featured_media":0,"parent":0,"menu_order":0,"comment_status":"closed","ping_status":"closed","template":"","meta":{"jetpack_post_was_ever_published":false,"footnotes":""},"jetpack_sharing_enabled":true,"jetpack_shortlink":"https:\/\/wp.me\/PaDU6A-25c","jetpack-related-posts":[],"_links":{"self":[{"href":"https:\/\/oeproma.at\/en\/wp-json\/wp\/v2\/pages\/8010"}],"collection":[{"href":"https:\/\/oeproma.at\/en\/wp-json\/wp\/v2\/pages"}],"about":[{"href":"https:\/\/oeproma.at\/en\/wp-json\/wp\/v2\/types\/page"}],"author":[{"embeddable":true,"href":"https:\/\/oeproma.at\/en\/wp-json\/wp\/v2\/users\/1"}],"replies":[{"embeddable":true,"href":"https:\/\/oeproma.at\/en\/wp-json\/wp\/v2\/comments?post=8010"}],"version-history":[{"count":14,"href":"https:\/\/oeproma.at\/en\/wp-json\/wp\/v2\/pages\/8010\/revisions"}],"predecessor-version":[{"id":9076,"href":"https:\/\/oeproma.at\/en\/wp-json\/wp\/v2\/pages\/8010\/revisions\/9076"}],"wp:attachment":[{"href":"https:\/\/oeproma.at\/en\/wp-json\/wp\/v2\/media?parent=8010"}],"curies":[{"name":"wp","href":"https:\/\/api.w.org\/{rel}","templated":true}]}}