{"id":7970,"date":"2019-02-20T12:26:56","date_gmt":"2019-02-20T12:26:56","guid":{"rendered":"http:\/\/oeproma.at\/?page_id=7970"},"modified":"2023-11-18T18:09:51","modified_gmt":"2023-11-18T18:09:51","slug":"appartments","status":"publish","type":"page","link":"https:\/\/oeproma.at\/en\/appartments","title":{"rendered":"Ferien-Appartements"},"content":{"rendered":"<div data-elementor-type=\"wp-post\" data-elementor-id=\"7970\" class=\"elementor elementor-7970\">\n\t\t\t\t\t\t<section class=\"elementor-section elementor-top-section elementor-element elementor-element-9283235 elementor-section-boxed elementor-section-height-default elementor-section-height-default\" data-id=\"9283235\" data-element_type=\"section\">\n\t\t\t\t\t\t<div class=\"elementor-container elementor-column-gap-default\">\n\t\t\t\t\t<div class=\"elementor-column elementor-col-100 elementor-top-column elementor-element elementor-element-d0c9818\" data-id=\"d0c9818\" data-element_type=\"column\">\n\t\t\t<div class=\"elementor-widget-wrap elementor-element-populated\">\n\t\t\t\t\t\t<div class=\"elementor-element elementor-element-d9eb613 elementor-widget elementor-widget-heading\" data-id=\"d9eb613\" data-element_type=\"widget\" data-widget_type=\"heading.default\">\n\t\t\t\t<div class=\"elementor-widget-container\">\n\t\t\t\t\t<h2 class=\"elementor-heading-title elementor-size-default\">Ferien - Appartements K\u00e4rnten \/ \u00d6sterreich<\/h2>\t\t\t\t<\/div>\n\t\t\t\t<\/div>\n\t\t\t\t\t<\/div>\n\t\t<\/div>\n\t\t\t\t\t<\/div>\n\t\t<\/section>\n\t\t\t\t<section class=\"elementor-section elementor-top-section elementor-element elementor-element-06be861 elementor-section-boxed elementor-section-height-default elementor-section-height-default\" data-id=\"06be861\" data-element_type=\"section\">\n\t\t\t\t\t\t<div class=\"elementor-container elementor-column-gap-default\">\n\t\t\t\t\t<div class=\"elementor-column elementor-col-100 elementor-top-column elementor-element elementor-element-d265ba0\" data-id=\"d265ba0\" data-element_type=\"column\">\n\t\t\t<div class=\"elementor-widget-wrap elementor-element-populated\">\n\t\t\t\t\t\t<div class=\"elementor-element elementor-element-c3d6c62 elementor-widget elementor-widget-text-editor\" data-id=\"c3d6c62\" data-element_type=\"widget\" data-widget_type=\"text-editor.default\">\n\t\t\t\t<div class=\"elementor-widget-container\">\n\t\t\t\t\t\t\t\t\t<p>Neben unseren sch\u00f6nen Alm-Chalets bieten wir auch kleinere Appartements mit einer Kapazit\u00e4t von 2 bis 4 Personen.<\/p><p>Unsere Ferienwohnungen sind 2011 komplett neu eingerichtet worden und gen\u00fcgen auch h\u00f6chsten Anspr\u00fcchen an einen komfortablen Urlaub. Unser <a href=\"http:\/\/oeproma.at\/en\/alm-chalets\/\">Alm-Chalet &#8222;Karawankenpanorama&#8220;<\/a> hat im Obergescho\u00df ein Appartement, das f\u00fcr maximal 3 Personen geeignet ist, und im Erdgeschoss eines f\u00fcr bis zu 8 Personen (ein Schlafzimmer mit Doppelbett und ein Schlafzimmer mit zwei Stockbetten, 2 Schlafpl\u00e4tze auf einer Schlafcouch).<\/p><p>Verf\u00fcgbarkeit und Preise auf Anfrage.<\/p><p><strong>Beispiel Appartement &#8222;Kuschelnest&#8220;<\/strong><\/p>\t\t\t\t\t\t\t\t<\/div>\n\t\t\t\t<\/div>\n\t\t\t\t\t<\/div>\n\t\t<\/div>\n\t\t\t\t\t<\/div>\n\t\t<\/section>\n\t\t\t\t<section class=\"elementor-section elementor-top-section elementor-element elementor-element-f3d46da elementor-section-boxed elementor-section-height-default elementor-section-height-default\" data-id=\"f3d46da\" data-element_type=\"section\">\n\t\t\t\t\t\t<div class=\"elementor-container elementor-column-gap-default\">\n\t\t\t\t\t<div class=\"elementor-column elementor-col-100 elementor-top-column elementor-element elementor-element-5ce7cb0\" data-id=\"5ce7cb0\" data-element_type=\"column\">\n\t\t\t<div class=\"elementor-widget-wrap elementor-element-populated\">\n\t\t\t\t\t\t<div class=\"elementor-element elementor-element-67cdb19 elementor-arrows-position-inside elementor-pagination-position-outside elementor-widget elementor-widget-image-carousel\" data-id=\"67cdb19\" data-element_type=\"widget\" data-settings=\"{&quot;navigation&quot;:&quot;both&quot;,&quot;autoplay&quot;:&quot;yes&quot;,&quot;pause_on_hover&quot;:&quot;yes&quot;,&quot;pause_on_interaction&quot;:&quot;yes&quot;,&quot;autoplay_speed&quot;:5000,&quot;infinite&quot;:&quot;yes&quot;,&quot;speed&quot;:500}\" data-widget_type=\"image-carousel.default\">\n\t\t\t\t<div class=\"elementor-widget-container\">\n\t\t\t\t\t\t\t<div class=\"elementor-image-carousel-wrapper swiper\" role=\"region\" aria-roledescription=\"carousel\" aria-label=\"Image Carousel\" dir=\"ltr\">\n\t\t\t<div class=\"elementor-image-carousel swiper-wrapper\" aria-live=\"off\">\n\t\t\t\t\t\t\t\t<div class=\"swiper-slide\" role=\"group\" aria-roledescription=\"slide\" aria-label=\"1 of 4\"><a data-elementor-open-lightbox=\"yes\" data-elementor-lightbox-slideshow=\"67cdb19\" data-elementor-lightbox-title=\"FerienwohnungEltern03_0911\" data-e-action-hash=\"#elementor-action%3Aaction%3Dlightbox%26settings%3DeyJpZCI6Nzk3OCwidXJsIjoiaHR0cHM6XC9cL29lcHJvbWEuYXRcL3dwLWNvbnRlbnRcL3VwbG9hZHNcLzIwMTlcLzAyXC9GZXJpZW53b2hudW5nRWx0ZXJuMDNfMDkxMS5qcGciLCJzbGlkZXNob3ciOiI2N2NkYjE5In0%3D\" href=\"https:\/\/oeproma.at\/wp-content\/uploads\/2019\/02\/FerienwohnungEltern03_0911.jpg\"><figure class=\"swiper-slide-inner\"><img decoding=\"async\" class=\"swiper-slide-image\" src=\"https:\/\/i0.wp.com\/oeproma.at\/wp-content\/uploads\/2019\/02\/FerienwohnungEltern03_0911.jpg?fit=300%2C200&amp;ssl=1\" alt=\"Kuschelnest Entspannung\" \/><figcaption class=\"elementor-image-carousel-caption\">Kuschelnest Entspannung<\/figcaption><\/figure><\/a><\/div><div class=\"swiper-slide\" role=\"group\" aria-roledescription=\"slide\" aria-label=\"2 of 4\"><a data-elementor-open-lightbox=\"yes\" data-elementor-lightbox-slideshow=\"67cdb19\" data-elementor-lightbox-title=\"FerienwohnungEltern04_0911\" data-e-action-hash=\"#elementor-action%3Aaction%3Dlightbox%26settings%3DeyJpZCI6Nzk3OSwidXJsIjoiaHR0cHM6XC9cL29lcHJvbWEuYXRcL3dwLWNvbnRlbnRcL3VwbG9hZHNcLzIwMTlcLzAyXC9GZXJpZW53b2hudW5nRWx0ZXJuMDRfMDkxMS5qcGciLCJzbGlkZXNob3ciOiI2N2NkYjE5In0%3D\" href=\"https:\/\/oeproma.at\/wp-content\/uploads\/2019\/02\/FerienwohnungEltern04_0911.jpg\"><figure class=\"swiper-slide-inner\"><img decoding=\"async\" class=\"swiper-slide-image\" src=\"https:\/\/i0.wp.com\/oeproma.at\/wp-content\/uploads\/2019\/02\/FerienwohnungEltern04_0911.jpg?fit=300%2C199&amp;ssl=1\" alt=\"Kuschelnest Schlafzimmer\" \/><figcaption class=\"elementor-image-carousel-caption\">Kuschelnest Schlafzimmer<\/figcaption><\/figure><\/a><\/div><div class=\"swiper-slide\" role=\"group\" aria-roledescription=\"slide\" aria-label=\"3 of 4\"><a data-elementor-open-lightbox=\"yes\" data-elementor-lightbox-slideshow=\"67cdb19\" data-elementor-lightbox-title=\"FerienwohnungEltern05_0911\" data-e-action-hash=\"#elementor-action%3Aaction%3Dlightbox%26settings%3DeyJpZCI6Nzk4MCwidXJsIjoiaHR0cHM6XC9cL29lcHJvbWEuYXRcL3dwLWNvbnRlbnRcL3VwbG9hZHNcLzIwMTlcLzAyXC9GZXJpZW53b2hudW5nRWx0ZXJuMDVfMDkxMS5qcGciLCJzbGlkZXNob3ciOiI2N2NkYjE5In0%3D\" href=\"https:\/\/oeproma.at\/wp-content\/uploads\/2019\/02\/FerienwohnungEltern05_0911.jpg\"><figure class=\"swiper-slide-inner\"><img decoding=\"async\" class=\"swiper-slide-image\" src=\"https:\/\/i0.wp.com\/oeproma.at\/wp-content\/uploads\/2019\/02\/FerienwohnungEltern05_0911.jpg?fit=300%2C200&amp;ssl=1\" alt=\"Kuschelnest K\u00fcche\/Essbereich\" \/><figcaption class=\"elementor-image-carousel-caption\">Kuschelnest K\u00fcche\/Essbereich<\/figcaption><\/figure><\/a><\/div><div class=\"swiper-slide\" role=\"group\" aria-roledescription=\"slide\" aria-label=\"4 of 4\"><a data-elementor-open-lightbox=\"yes\" data-elementor-lightbox-slideshow=\"67cdb19\" data-elementor-lightbox-title=\"FerienwohnungEltern05_0911\" data-e-action-hash=\"#elementor-action%3Aaction%3Dlightbox%26settings%3DeyJpZCI6Nzk4MiwidXJsIjoiaHR0cHM6XC9cL29lcHJvbWEuYXRcL3dwLWNvbnRlbnRcL3VwbG9hZHNcLzIwMTlcLzAyXC9GZXJpZW53b2hudW5nRWx0ZXJuMDVfMDkxMS0xLmpwZyIsInNsaWRlc2hvdyI6IjY3Y2RiMTkifQ%3D%3D\" href=\"https:\/\/oeproma.at\/wp-content\/uploads\/2019\/02\/FerienwohnungEltern05_0911-1.jpg\"><figure class=\"swiper-slide-inner\"><img decoding=\"async\" class=\"swiper-slide-image\" src=\"https:\/\/i0.wp.com\/oeproma.at\/wp-content\/uploads\/2019\/02\/FerienwohnungEltern05_0911-1.jpg?fit=300%2C199&amp;ssl=1\" alt=\"Kuschelnest Badezimmer\" \/><figcaption class=\"elementor-image-carousel-caption\">Kuschelnest Badezimmer <\/figcaption><\/figure><\/a><\/div>\t\t\t<\/div>\n\t\t\t\t\t\t\t\t\t\t\t\t<div class=\"elementor-swiper-button elementor-swiper-button-prev\" role=\"button\" tabindex=\"0\">\n\t\t\t\t\t\t<i aria-hidden=\"true\" class=\"eicon-chevron-left\"><\/i>\t\t\t\t\t<\/div>\n\t\t\t\t\t<div class=\"elementor-swiper-button elementor-swiper-button-next\" role=\"button\" tabindex=\"0\">\n\t\t\t\t\t\t<i aria-hidden=\"true\" class=\"eicon-chevron-right\"><\/i>\t\t\t\t\t<\/div>\n\t\t\t\t\n\t\t\t\t\t\t\t\t\t<div class=\"swiper-pagination\"><\/div>\n\t\t\t\t\t\t\t\t\t<\/div>\n\t\t\t\t\t\t<\/div>\n\t\t\t\t<\/div>\n\t\t\t\t\t<\/div>\n\t\t<\/div>\n\t\t\t\t\t<\/div>\n\t\t<\/section>\n\t\t\t\t<section class=\"elementor-section elementor-top-section elementor-element elementor-element-b2689c8 elementor-section-boxed elementor-section-height-default elementor-section-height-default\" data-id=\"b2689c8\" data-element_type=\"section\">\n\t\t\t\t\t\t<div class=\"elementor-container elementor-column-gap-default\">\n\t\t\t\t\t<div class=\"elementor-column elementor-col-100 elementor-top-column elementor-element elementor-element-101f4a0\" data-id=\"101f4a0\" data-element_type=\"column\">\n\t\t\t<div class=\"elementor-widget-wrap elementor-element-populated\">\n\t\t\t\t\t\t<div class=\"elementor-element elementor-element-07cae34 elementor-widget elementor-widget-text-editor\" data-id=\"07cae34\" data-element_type=\"widget\" data-widget_type=\"text-editor.default\">\n\t\t\t\t<div class=\"elementor-widget-container\">\n\t\t\t\t\t\t\t\t\t<div><span class=\"cf1\">f\u00fcr 2 Personen<\/span><\/div><div>\u00a0<\/div><div><span class=\"fs13 cf1\">33 m\u00b2, 2 Zimmer, Bad mit WC und Komfort-Dusche, komplett eingerichtete K\u00fcche mit Backofen, 4-Platten-Herd, Mikrowelle, K\u00fchlschrank mit Gefrierteil, Kaffee-Maschine, Toaster, Wasserkocher, TV und Radio<\/span><\/div>\t\t\t\t\t\t\t\t<\/div>\n\t\t\t\t<\/div>\n\t\t\t\t\t<\/div>\n\t\t<\/div>\n\t\t\t\t\t<\/div>\n\t\t<\/section>\n\t\t\t\t<section class=\"elementor-section elementor-top-section elementor-element elementor-element-c214b56 elementor-section-boxed elementor-section-height-default elementor-section-height-default\" data-id=\"c214b56\" data-element_type=\"section\">\n\t\t\t\t\t\t<div class=\"elementor-container elementor-column-gap-default\">\n\t\t\t\t\t<div class=\"elementor-column elementor-col-50 elementor-top-column elementor-element elementor-element-0e43fed\" data-id=\"0e43fed\" data-element_type=\"column\">\n\t\t\t<div class=\"elementor-widget-wrap elementor-element-populated\">\n\t\t\t\t\t\t<div class=\"elementor-element elementor-element-d8b9b1e elementor-widget elementor-widget-text-editor\" data-id=\"d8b9b1e\" data-element_type=\"widget\" data-widget_type=\"text-editor.default\">\n\t\t\t\t<div class=\"elementor-widget-container\">\n\t\t\t\t\t\t\t\t\t<div><div><strong><span class=\"fs16 cf1 ff1\">OeProMa Projektrealisationen GmbH &amp; Berbergest\u00fct Al Ayur<\/span><\/strong><\/div><div><span class=\"fs16 ff1\">Familie Pfeiffer<\/span><\/div><div><span class=\"fs16 cf1 ff1\">S\u00f6rgerberg 17<\/span><\/div><div><span class=\"fs16 cf1 ff1\">9556 Liebenfels \/\u00a0<\/span>\u00d6sterreich<\/div><\/div><div><div><span class=\"fs16 cf1 ff1\">Telefon: +43 0676-9433003<\/span><\/div><div><div><span class=\"fs16 cf1 ff1\">E-Mail: info(at)oeproma.at<\/span><\/div><\/div><\/div>\t\t\t\t\t\t\t\t<\/div>\n\t\t\t\t<\/div>\n\t\t\t\t\t<\/div>\n\t\t<\/div>\n\t\t\t\t<div class=\"elementor-column elementor-col-50 elementor-top-column elementor-element elementor-element-7da49e2\" data-id=\"7da49e2\" data-element_type=\"column\">\n\t\t\t<div class=\"elementor-widget-wrap elementor-element-populated\">\n\t\t\t\t\t\t<div class=\"elementor-element elementor-element-8c7abe6 elementor-widget elementor-widget-google_maps\" data-id=\"8c7abe6\" data-element_type=\"widget\" data-widget_type=\"google_maps.default\">\n\t\t\t\t<div class=\"elementor-widget-container\">\n\t\t\t\t\t\t\t<div class=\"elementor-custom-embed\">\n\t\t\t<iframe loading=\"lazy\"\n\t\t\t\t\tsrc=\"https:\/\/maps.google.com\/maps?q=S%C3%B6rgerberg%2017%209556%20Liebenfels&#038;t=m&#038;z=10&#038;output=embed&#038;iwloc=near\"\n\t\t\t\t\ttitle=\"S\u00f6rgerberg 17 9556 Liebenfels\"\n\t\t\t\t\taria-label=\"S\u00f6rgerberg 17 9556 Liebenfels\"\n\t\t\t><\/iframe>\n\t\t<\/div>\n\t\t\t\t\t\t<\/div>\n\t\t\t\t<\/div>\n\t\t\t\t\t<\/div>\n\t\t<\/div>\n\t\t\t\t\t<\/div>\n\t\t<\/section>\n\t\t\t\t<section class=\"elementor-section elementor-top-section elementor-element elementor-element-ca57214 elementor-section-boxed elementor-section-height-default elementor-section-height-default\" data-id=\"ca57214\" data-element_type=\"section\">\n\t\t\t\t\t\t<div class=\"elementor-container elementor-column-gap-default\">\n\t\t\t\t\t<div class=\"elementor-column elementor-col-100 elementor-top-column elementor-element elementor-element-416fee6\" data-id=\"416fee6\" data-element_type=\"column\">\n\t\t\t<div class=\"elementor-widget-wrap elementor-element-populated\">\n\t\t\t\t\t\t<div class=\"elementor-element elementor-element-db6b64a elementor-widget elementor-widget-wp-widget-tag_cloud\" data-id=\"db6b64a\" data-element_type=\"widget\" data-widget_type=\"wp-widget-tag_cloud.default\">\n\t\t\t\t<div class=\"elementor-widget-container\">\n\t\t\t\t\t<h5>Tags<\/h5><div class=\"tagcloud\"><a href=\"https:\/\/oeproma.at\/en\/tag\/crowdfunding\" class=\"tag-cloud-link tag-link-15 tag-link-position-1\" style=\"font-size: 8pt;\" aria-label=\"Crowdfunding (1 item)\">Crowdfunding<\/a>\n<a href=\"https:\/\/oeproma.at\/en\/tag\/kaernten\" class=\"tag-cloud-link tag-link-11 tag-link-position-2\" style=\"font-size: 8pt;\" aria-label=\"K\u00e4rnten (1 item)\">K\u00e4rnten<\/a>\n<a href=\"https:\/\/oeproma.at\/en\/tag\/lasergame\" class=\"tag-cloud-link tag-link-16 tag-link-position-3\" style=\"font-size: 8pt;\" aria-label=\"LaserGame (1 item)\">LaserGame<\/a>\n<a href=\"https:\/\/oeproma.at\/en\/tag\/lasertag\" class=\"tag-cloud-link tag-link-14 tag-link-position-4\" style=\"font-size: 8pt;\" aria-label=\"LaserTag (1 item)\">LaserTag<\/a>\n<a href=\"https:\/\/oeproma.at\/en\/tag\/lazer-gaming\" class=\"tag-cloud-link tag-link-9 tag-link-position-5\" style=\"font-size: 8pt;\" aria-label=\"LaZer Gaming (1 item)\">LaZer Gaming<\/a>\n<a href=\"https:\/\/oeproma.at\/en\/tag\/live-action\" class=\"tag-cloud-link tag-link-10 tag-link-position-6\" style=\"font-size: 22pt;\" aria-label=\"Live Action (3 items)\">Live Action<\/a>\n<a href=\"https:\/\/oeproma.at\/en\/tag\/spiele\" class=\"tag-cloud-link tag-link-13 tag-link-position-7\" style=\"font-size: 8pt;\" aria-label=\"Spiele (1 item)\">Spiele<\/a>\n<a href=\"https:\/\/oeproma.at\/en\/tag\/video\" class=\"tag-cloud-link tag-link-8 tag-link-position-8\" style=\"font-size: 16.4pt;\" aria-label=\"Video (2 items)\">Video<\/a>\n<a href=\"https:\/\/oeproma.at\/en\/tag\/youtube\" class=\"tag-cloud-link tag-link-7 tag-link-position-9\" style=\"font-size: 8pt;\" aria-label=\"youtube (1 item)\">youtube<\/a><\/div>\n\t\t\t\t<\/div>\n\t\t\t\t<\/div>\n\t\t\t\t\t<\/div>\n\t\t<\/div>\n\t\t\t\t\t<\/div>\n\t\t<\/section>\n\t\t\t\t<\/div>","protected":false},"excerpt":{"rendered":"<p>Ferien &#8211; Appartements K\u00e4rnten \/ \u00d6sterreich Neben unseren sch\u00f6nen Alm-Chalets bieten wir auch kleinere Appartements mit einer Kapazit\u00e4t von 2 bis 4 Personen. Unsere Ferienwohnungen sind 2011 komplett neu eingerichtet worden und gen\u00fcgen auch h\u00f6chsten Anspr\u00fcchen an einen komfortablen Urlaub. Unser Alm-Chalet &#8222;Karawankenpanorama&#8220; hat im Obergescho\u00df ein Appartement, das f\u00fcr maximal 3 Personen geeignet ist,&hellip; <br \/> <a class=\"read-more\" href=\"https:\/\/oeproma.at\/en\/appartments\">Read more<\/a><\/p>","protected":false},"author":1,"featured_media":0,"parent":0,"menu_order":0,"comment_status":"closed","ping_status":"closed","template":"","meta":{"jetpack_post_was_ever_published":false,"footnotes":""},"jetpack_sharing_enabled":true,"jetpack_shortlink":"https:\/\/wp.me\/PaDU6A-24y","jetpack-related-posts":[],"_links":{"self":[{"href":"https:\/\/oeproma.at\/en\/wp-json\/wp\/v2\/pages\/7970"}],"collection":[{"href":"https:\/\/oeproma.at\/en\/wp-json\/wp\/v2\/pages"}],"about":[{"href":"https:\/\/oeproma.at\/en\/wp-json\/wp\/v2\/types\/page"}],"author":[{"embeddable":true,"href":"https:\/\/oeproma.at\/en\/wp-json\/wp\/v2\/users\/1"}],"replies":[{"embeddable":true,"href":"https:\/\/oeproma.at\/en\/wp-json\/wp\/v2\/comments?post=7970"}],"version-history":[{"count":29,"href":"https:\/\/oeproma.at\/en\/wp-json\/wp\/v2\/pages\/7970\/revisions"}],"predecessor-version":[{"id":9002,"href":"https:\/\/oeproma.at\/en\/wp-json\/wp\/v2\/pages\/7970\/revisions\/9002"}],"wp:attachment":[{"href":"https:\/\/oeproma.at\/en\/wp-json\/wp\/v2\/media?parent=7970"}],"curies":[{"name":"wp","href":"https:\/\/api.w.org\/{rel}","templated":true}]}}