{"id":7945,"date":"2019-02-19T12:11:05","date_gmt":"2019-02-19T12:11:05","guid":{"rendered":"http:\/\/oeproma.at\/?page_id=7945"},"modified":"2025-06-25T12:10:35","modified_gmt":"2025-06-25T12:10:35","slug":"geburtstage-feiern","status":"publish","type":"page","link":"https:\/\/oeproma.at\/en\/geburtstage-feiern","title":{"rendered":"Geburtstage &#038; Feiern"},"content":{"rendered":"<div data-elementor-type=\"wp-post\" data-elementor-id=\"7945\" class=\"elementor elementor-7945\">\n\t\t\t\t\t\t<section class=\"elementor-section elementor-top-section elementor-element elementor-element-09046ef elementor-section-boxed elementor-section-height-default elementor-section-height-default\" data-id=\"09046ef\" data-element_type=\"section\">\n\t\t\t\t\t\t<div class=\"elementor-container elementor-column-gap-default\">\n\t\t\t\t\t<div class=\"elementor-column elementor-col-100 elementor-top-column elementor-element elementor-element-09c8021\" data-id=\"09c8021\" data-element_type=\"column\">\n\t\t\t<div class=\"elementor-widget-wrap elementor-element-populated\">\n\t\t\t\t\t\t<div class=\"elementor-element elementor-element-87d28d0 elementor-widget elementor-widget-heading\" data-id=\"87d28d0\" data-element_type=\"widget\" data-widget_type=\"heading.default\">\n\t\t\t\t<div class=\"elementor-widget-container\">\n\t\t\t\t\t<h2 class=\"elementor-heading-title elementor-size-default\">Mit uns l\u00e4ssts sich in K\u00e4rnten gro\u00dfartig feiern <span style=\"color: var( --e-global-color-primary );font-size: 2.5rem\"><\/span><br><\/h2>\t\t\t\t<\/div>\n\t\t\t\t<\/div>\n\t\t\t\t\t<\/div>\n\t\t<\/div>\n\t\t\t\t\t<\/div>\n\t\t<\/section>\n\t\t\t\t<section class=\"elementor-section elementor-top-section elementor-element elementor-element-405751a elementor-section-boxed elementor-section-height-default elementor-section-height-default\" data-id=\"405751a\" data-element_type=\"section\">\n\t\t\t\t\t\t<div class=\"elementor-container elementor-column-gap-default\">\n\t\t\t\t\t<div class=\"elementor-column elementor-col-100 elementor-top-column elementor-element elementor-element-35cc2ec\" data-id=\"35cc2ec\" data-element_type=\"column\">\n\t\t\t<div class=\"elementor-widget-wrap elementor-element-populated\">\n\t\t\t\t\t\t<div class=\"elementor-element elementor-element-df7da95 elementor-widget elementor-widget-text-editor\" data-id=\"df7da95\" data-element_type=\"widget\" data-widget_type=\"text-editor.default\">\n\t\t\t\t<div class=\"elementor-widget-container\">\n\t\t\t\t\t\t\t\t\t<p>Du suchst etwas Besonderes f\u00fcr eine <b>Geburtstagsparty <\/b>&#8211; sei es f\u00fcr Kinder, Jugendliche und\/oder Erwachsene? Oder m\u00f6chtest eine <b>gr\u00f6\u00dfere Feier<\/b> in einer besonderen Umgebung veranstalten? Auch auf solche W\u00fcnsche sind wir bestens vorbereitet!<\/p><p>Bei Feierlichkeiten f\u00fcr Familien, mit Freunden oder der Firma bieten wir Unterkunft f\u00fcr bis zu 40 Personen (in der unmittelbaren Umgebung gibt es zahlreiche weitere \u00dcbernachtungsm\u00f6glichkeiten). F\u00fcr n\u00e4here Informationen nutze bitte das unten angezeigte Kontaktformular oder rufe uns an.<\/p><h2>Geburtstags-Ideen &amp; Angebote<\/h2>\t\t\t\t\t\t\t\t<\/div>\n\t\t\t\t<\/div>\n\t\t\t\t\t<\/div>\n\t\t<\/div>\n\t\t\t\t\t<\/div>\n\t\t<\/section>\n\t\t\t\t<section class=\"elementor-section elementor-top-section elementor-element elementor-element-dfc3e96 elementor-section-boxed elementor-section-height-default elementor-section-height-default\" data-id=\"dfc3e96\" data-element_type=\"section\">\n\t\t\t\t\t\t<div class=\"elementor-container elementor-column-gap-default\">\n\t\t\t\t\t<div class=\"elementor-column elementor-col-100 elementor-top-column elementor-element elementor-element-5014567\" data-id=\"5014567\" data-element_type=\"column\">\n\t\t\t<div class=\"elementor-widget-wrap elementor-element-populated\">\n\t\t\t\t\t\t<div class=\"elementor-element elementor-element-7ead85e elementor-arrows-position-inside elementor-pagination-position-outside elementor-widget elementor-widget-image-carousel\" data-id=\"7ead85e\" data-element_type=\"widget\" data-settings=\"{&quot;slides_to_show&quot;:&quot;6&quot;,&quot;navigation&quot;:&quot;both&quot;,&quot;autoplay&quot;:&quot;yes&quot;,&quot;pause_on_hover&quot;:&quot;yes&quot;,&quot;pause_on_interaction&quot;:&quot;yes&quot;,&quot;autoplay_speed&quot;:5000,&quot;infinite&quot;:&quot;yes&quot;,&quot;speed&quot;:500}\" data-widget_type=\"image-carousel.default\">\n\t\t\t\t<div class=\"elementor-widget-container\">\n\t\t\t\t\t\t\t<div class=\"elementor-image-carousel-wrapper swiper\" role=\"region\" aria-roledescription=\"carousel\" aria-label=\"Bild Karussell\" dir=\"ltr\">\n\t\t\t<div class=\"elementor-image-carousel swiper-wrapper swiper-image-stretch\" aria-live=\"off\">\n\t\t\t\t\t\t\t\t<div class=\"swiper-slide\" role=\"group\" aria-roledescription=\"slide\" aria-label=\"1 of 8\"><a data-elementor-open-lightbox=\"yes\" data-elementor-lightbox-slideshow=\"7ead85e\" data-elementor-lightbox-title=\"Escape Dungeon Escape Room Das Geheimnis des Kristallsch\u00e4dels S\u00f6rg Liebenfels\" data-e-action-hash=\"#elementor-action%3Aaction%3Dlightbox%26settings%3DeyJpZCI6NTE4LCJ1cmwiOiJodHRwczpcL1wvb2Vwcm9tYS5hdFwvd3AtY29udGVudFwvdXBsb2Fkc1wvMjAxOVwvMDJcL3dlaXh4eF9lc2NhcGVfMDA3LmpwZyIsInNsaWRlc2hvdyI6IjdlYWQ4NWUifQ%3D%3D\" href=\"https:\/\/oeproma.at\/wp-content\/uploads\/2019\/02\/weixxx_escape_007.jpg\"><figure class=\"swiper-slide-inner\"><img decoding=\"async\" class=\"swiper-slide-image\" src=\"https:\/\/i0.wp.com\/oeproma.at\/wp-content\/uploads\/2019\/02\/weixxx_escape_007.jpg?resize=150%2C150&amp;ssl=1\" alt=\"Der kommt mir bekannt vor...\" \/><\/figure><\/a><\/div><div class=\"swiper-slide\" role=\"group\" aria-roledescription=\"slide\" aria-label=\"2 of 8\"><a data-elementor-open-lightbox=\"yes\" data-elementor-lightbox-slideshow=\"7ead85e\" data-elementor-lightbox-title=\"Kathi Sniper Popschie\" data-e-action-hash=\"#elementor-action%3Aaction%3Dlightbox%26settings%3DeyJpZCI6ODU2MCwidXJsIjoiaHR0cHM6XC9cL29lcHJvbWEuYXRcL3dwLWNvbnRlbnRcL3VwbG9hZHNcLzIwMjFcLzAyXC9LYXRoaS1TbmlwZXItUG9wc2NoaWUuanBnIiwic2xpZGVzaG93IjoiN2VhZDg1ZSJ9\" href=\"https:\/\/oeproma.at\/wp-content\/uploads\/2021\/02\/Kathi-Sniper-Popschie.jpg\"><figure class=\"swiper-slide-inner\"><img decoding=\"async\" class=\"swiper-slide-image\" src=\"https:\/\/i0.wp.com\/oeproma.at\/wp-content\/uploads\/2021\/02\/Kathi-Sniper-Popschie.jpg?resize=150%2C150&amp;ssl=1\" alt=\"Kathi Sniper Popschie\" \/><\/figure><\/a><\/div><div class=\"swiper-slide\" role=\"group\" aria-roledescription=\"slide\" aria-label=\"3 of 8\"><a data-elementor-open-lightbox=\"yes\" data-elementor-lightbox-slideshow=\"7ead85e\" data-elementor-lightbox-title=\"Escape Dungeon Escape Room Das Geheimnis des Kristallsch\u00e4dels S\u00f6rg Liebenfels\" data-e-action-hash=\"#elementor-action%3Aaction%3Dlightbox%26settings%3DeyJpZCI6NTIyLCJ1cmwiOiJodHRwczpcL1wvb2Vwcm9tYS5hdFwvd3AtY29udGVudFwvdXBsb2Fkc1wvMjAxOVwvMDJcL3dlaXh4eF9lc2NhcGVfMDE0LmpwZyIsInNsaWRlc2hvdyI6IjdlYWQ4NWUifQ%3D%3D\" href=\"https:\/\/oeproma.at\/wp-content\/uploads\/2019\/02\/weixxx_escape_014.jpg\"><figure class=\"swiper-slide-inner\"><img decoding=\"async\" class=\"swiper-slide-image\" src=\"https:\/\/i0.wp.com\/oeproma.at\/wp-content\/uploads\/2019\/02\/weixxx_escape_014.jpg?resize=150%2C150&amp;ssl=1\" alt=\"Teamwork hilft immer\" \/><\/figure><\/a><\/div><div class=\"swiper-slide\" role=\"group\" aria-roledescription=\"slide\" aria-label=\"4 of 8\"><a data-elementor-open-lightbox=\"yes\" data-elementor-lightbox-slideshow=\"7ead85e\" data-elementor-lightbox-title=\"cropped-cropped-Lazer-Gaeste-Quad-Logo.jpg\" data-elementor-lightbox-description=\"https:\/\/oeproma.at\/wp-content\/uploads\/2021\/02\/cropped-cropped-Lazer-Gaeste-Quad-Logo.jpg\" data-e-action-hash=\"#elementor-action%3Aaction%3Dlightbox%26settings%3DeyJpZCI6ODUwMywidXJsIjoiaHR0cHM6XC9cL29lcHJvbWEuYXRcL3dwLWNvbnRlbnRcL3VwbG9hZHNcLzIwMjFcLzAyXC9jcm9wcGVkLWNyb3BwZWQtTGF6ZXItR2Flc3RlLVF1YWQtTG9nby5qcGciLCJzbGlkZXNob3ciOiI3ZWFkODVlIn0%3D\" href=\"https:\/\/oeproma.at\/wp-content\/uploads\/2021\/02\/cropped-cropped-Lazer-Gaeste-Quad-Logo.jpg\"><figure class=\"swiper-slide-inner\"><img decoding=\"async\" class=\"swiper-slide-image\" src=\"https:\/\/i0.wp.com\/oeproma.at\/wp-content\/uploads\/2021\/02\/cropped-cropped-Lazer-Gaeste-Quad-Logo.jpg?resize=150%2C150&amp;ssl=1\" alt=\"cropped-cropped-Lazer-Gaeste-Quad-Logo.jpg\" \/><\/figure><\/a><\/div><div class=\"swiper-slide\" role=\"group\" aria-roledescription=\"slide\" aria-label=\"5 of 8\"><a data-elementor-open-lightbox=\"yes\" data-elementor-lightbox-slideshow=\"7ead85e\" data-elementor-lightbox-title=\"Escape Dungeon Escape Room Das Geheimnis des Kristallsch\u00e4dels S\u00f6rg Liebenfels\" data-e-action-hash=\"#elementor-action%3Aaction%3Dlightbox%26settings%3DeyJpZCI6NTIwLCJ1cmwiOiJodHRwczpcL1wvb2Vwcm9tYS5hdFwvd3AtY29udGVudFwvdXBsb2Fkc1wvMjAxOVwvMDJcL3dlaXh4eF9lc2NhcGVfMDEyLmpwZyIsInNsaWRlc2hvdyI6IjdlYWQ4NWUifQ%3D%3D\" href=\"https:\/\/oeproma.at\/wp-content\/uploads\/2019\/02\/weixxx_escape_012.jpg\"><figure class=\"swiper-slide-inner\"><img decoding=\"async\" class=\"swiper-slide-image\" src=\"https:\/\/i0.wp.com\/oeproma.at\/wp-content\/uploads\/2019\/02\/weixxx_escape_012.jpg?resize=150%2C150&amp;ssl=1\" alt=\"Escape Dungeon Escape Room Das Geheimnis des Kristallsch\u00e4dels S\u00f6rg Liebenfels\" \/><\/figure><\/a><\/div><div class=\"swiper-slide\" role=\"group\" aria-roledescription=\"slide\" aria-label=\"6 of 8\"><a data-elementor-open-lightbox=\"yes\" data-elementor-lightbox-slideshow=\"7ead85e\" data-elementor-lightbox-title=\"Kathi gr\u00fcne H\u00f6lle Logo\" data-e-action-hash=\"#elementor-action%3Aaction%3Dlightbox%26settings%3DeyJpZCI6ODU2MywidXJsIjoiaHR0cHM6XC9cL29lcHJvbWEuYXRcL3dwLWNvbnRlbnRcL3VwbG9hZHNcLzIwMjFcLzAyXC9LYXRoaS1ncnVlbmUtSG9lbGxlLUxvZ28uanBnIiwic2xpZGVzaG93IjoiN2VhZDg1ZSJ9\" href=\"https:\/\/oeproma.at\/wp-content\/uploads\/2021\/02\/Kathi-gruene-Hoelle-Logo.jpg\"><figure class=\"swiper-slide-inner\"><img decoding=\"async\" class=\"swiper-slide-image\" src=\"https:\/\/i0.wp.com\/oeproma.at\/wp-content\/uploads\/2021\/02\/Kathi-gruene-Hoelle-Logo.jpg?resize=150%2C150&amp;ssl=1\" alt=\"Kathi gr\u00fcne H\u00f6lle Logo\" \/><\/figure><\/a><\/div><div class=\"swiper-slide\" role=\"group\" aria-roledescription=\"slide\" aria-label=\"7 of 8\"><a data-elementor-open-lightbox=\"yes\" data-elementor-lightbox-slideshow=\"7ead85e\" data-elementor-lightbox-title=\"Escape Dungeon Escape Room Das Geheimnis des Kristallsch\u00e4dels S\u00f6rg Liebenfels\" data-e-action-hash=\"#elementor-action%3Aaction%3Dlightbox%26settings%3DeyJpZCI6NTE5LCJ1cmwiOiJodHRwczpcL1wvb2Vwcm9tYS5hdFwvd3AtY29udGVudFwvdXBsb2Fkc1wvMjAxOVwvMDJcL3dlaXh4eF9lc2NhcGVfMDEwLmpwZyIsInNsaWRlc2hvdyI6IjdlYWQ4NWUifQ%3D%3D\" href=\"https:\/\/oeproma.at\/wp-content\/uploads\/2019\/02\/weixxx_escape_010.jpg\"><figure class=\"swiper-slide-inner\"><img decoding=\"async\" class=\"swiper-slide-image\" src=\"https:\/\/i0.wp.com\/oeproma.at\/wp-content\/uploads\/2019\/02\/weixxx_escape_010.jpg?resize=150%2C150&amp;ssl=1\" alt=\"Wir kommen hier raus...\" \/><\/figure><\/a><\/div><div class=\"swiper-slide\" role=\"group\" aria-roledescription=\"slide\" aria-label=\"8 of 8\"><a data-elementor-open-lightbox=\"yes\" data-elementor-lightbox-slideshow=\"7ead85e\" data-elementor-lightbox-title=\"Lazer Kunden Covid1\" data-e-action-hash=\"#elementor-action%3Aaction%3Dlightbox%26settings%3DeyJpZCI6ODUzNSwidXJsIjoiaHR0cHM6XC9cL29lcHJvbWEuYXRcL3dwLWNvbnRlbnRcL3VwbG9hZHNcLzIwMjFcLzAyXC9MYXplci1LdW5kZW4tQ292aWQxLTEuanBnIiwic2xpZGVzaG93IjoiN2VhZDg1ZSJ9\" href=\"https:\/\/oeproma.at\/wp-content\/uploads\/2021\/02\/Lazer-Kunden-Covid1-1.jpg\"><figure class=\"swiper-slide-inner\"><img decoding=\"async\" class=\"swiper-slide-image\" src=\"https:\/\/i0.wp.com\/oeproma.at\/wp-content\/uploads\/2021\/02\/Lazer-Kunden-Covid1-1.jpg?resize=150%2C150&amp;ssl=1\" alt=\"LaserTag f\u00fcr die ganze Familie\" \/><\/figure><\/a><\/div>\t\t\t<\/div>\n\t\t\t\t\t\t\t\t\t\t\t\t<div class=\"elementor-swiper-button elementor-swiper-button-prev\" role=\"button\" tabindex=\"0\">\n\t\t\t\t\t\t<i aria-hidden=\"true\" class=\"eicon-chevron-left\"><\/i>\t\t\t\t\t<\/div>\n\t\t\t\t\t<div class=\"elementor-swiper-button elementor-swiper-button-next\" role=\"button\" tabindex=\"0\">\n\t\t\t\t\t\t<i aria-hidden=\"true\" class=\"eicon-chevron-right\"><\/i>\t\t\t\t\t<\/div>\n\t\t\t\t\n\t\t\t\t\t\t\t\t\t<div class=\"swiper-pagination\"><\/div>\n\t\t\t\t\t\t\t\t\t<\/div>\n\t\t\t\t\t\t<\/div>\n\t\t\t\t<\/div>\n\t\t\t\t\t<\/div>\n\t\t<\/div>\n\t\t\t\t\t<\/div>\n\t\t<\/section>\n\t\t\t\t<section class=\"elementor-section elementor-top-section elementor-element elementor-element-9bd3f0e elementor-section-boxed elementor-section-height-default elementor-section-height-default\" data-id=\"9bd3f0e\" data-element_type=\"section\">\n\t\t\t\t\t\t<div class=\"elementor-container elementor-column-gap-default\">\n\t\t\t\t\t<div class=\"elementor-column elementor-col-100 elementor-top-column elementor-element elementor-element-94a3e8c\" data-id=\"94a3e8c\" data-element_type=\"column\">\n\t\t\t<div class=\"elementor-widget-wrap elementor-element-populated\">\n\t\t\t\t\t\t<div class=\"elementor-element elementor-element-7281b4f elementor-widget__width-initial elementor-widget elementor-widget-text-editor\" data-id=\"7281b4f\" data-element_type=\"widget\" data-widget_type=\"text-editor.default\">\n\t\t\t\t<div class=\"elementor-widget-container\">\n\t\t\t\t\t\t\t\t\t<p>Wollen Sie indoor dem <a href=\"http:\/\/www.kerkerflucht.at\/\"><u>Kerker<\/u><\/a>\u00a0in der <b>Burgruine Liebenfels<\/b> entkommen, sich outdoor in einem dichten Wald oder im 400qm \u00fcberdachten Endzeit-Szenario beim\u00a0<a href=\"http:\/\/www.lazer.at\/\"><u>LazerTag-Spiel\u00a0<\/u><\/a>messen? Oder alles zusammen?<\/p><p><em><u>Kindergeburtstag-Paket (8 bis 17 Jahre) f\u00fcr Lazer ab 7 Personen, f\u00fcr Kerker ab 4 Personen, hier ein Beispiel (Preise g\u00fcltig ab 01.07.25):<\/u><\/em><\/p><p><em><strong><u>Variante 1<\/u>: F\u00fcr Geist und K\u00f6rper<\/strong><\/em><\/p><p>Eine Stunde\u00a0<a href=\"http:\/\/www.kerkerflucht.at\/\"><u>Kerker<\/u> <\/a>\u00a0(insgesamt 1 Stunden Spielzeit) um <strong><em><u>20,50\u20ac\/Kind\/Jugendliche<\/u><\/em><\/strong>. (inkl. Besichtigung Burgruine Liebenfels Saisonal)<br \/><span style=\"color: var( --e-global-color-text ); font-family: var( --e-global-typography-text-font-family ), Sans-serif; font-weight: var( --e-global-typography-text-font-weight );\"><br \/>Mit zus\u00e4tzlichem Geburtstagsbuffet mit verschiedenen Pommes, Nuggets und Gem\u00fcse, Ketchup und Senf\/Mayonaise.\u00a0<\/span><\/p><p><span style=\"color: var( --e-global-color-text ); font-family: var( --e-global-typography-text-font-family ), Sans-serif;\">zuz\u00fcglich <u style=\"font-weight: bold;\">12,00\u20ac\/Kind<\/u> zum Spielpreis.<\/span><\/p><p><strong>ODER<\/strong><\/p><p>Waffeln mit Schlagobers und Kirschen, Nougatcreme oder Marmelade.<br \/><em>zuz\u00fcglich<b>\u00a0<\/b><u style=\"font-weight: bold;\">12,00\u20ac\/Kind<\/u> zum Spielpreis.<\/em><\/p><p><strong>ODER<\/strong><\/p><p><em><strong><u>Variante 2<\/u>: F\u00fcr die Sportlichen<\/strong><\/em><\/p><p>Zwei Stunden <u><a href=\"http:\/\/www.lazer.at\/\">Lazer\u00a0<\/a><\/u> mit mehreren Spielvarianten <br \/>4 bis 6 Kinder um <u><b>31 \u20ac\/Kind\/Jugendliche<\/b><\/u>\u00a0<br \/>7 bis 9 Kinder um <b><u>29 \u20ac\/Kind\/Jugendliche<\/u><br \/><\/b>ab 10 Kinder um\u00a0 <strong>27 <\/strong><b><u>\u20ac\/Kind\/Jugendliche<\/u>\u00a0<\/b><\/p><p>Dazu: Inkl. zus\u00e4tzlichem Geburtstagsbuffet mit verschiedenen Pommes, Nuggets, Potato Wedges <span style=\"color: var( --e-global-color-text ); font-family: var( --e-global-typography-text-font-family ), Sans-serif; font-weight: var( --e-global-typography-text-font-weight );\">und Gem\u00fcse<\/span>, Ketchup und Senf\/Mayo zuz\u00fcglich\u00a0<b><u>12,00\u20ac\/Kind<\/u>\u00a0<\/b>zum Spielpreis.<\/p><p><strong>ODER<\/strong><\/p><p>Waffeln mit Schlagobers und Kirschen, Nougatcreme oder Marmelade.<br \/><em>Zuz\u00fcglich <u style=\"font-weight: bold;\">12,00\u20ac\/Kind<\/u>\u00a0zum Spielpreis.<\/em><\/p><p>Sind unsere Angebote nicht optimal f\u00fcr Deine Zwecke oder wird etwas mehr oder weniger gew\u00fcnscht?\u00a0<\/p>\t\t\t\t\t\t\t\t<\/div>\n\t\t\t\t<\/div>\n\t\t\t\t\t<\/div>\n\t\t<\/div>\n\t\t\t\t\t<\/div>\n\t\t<\/section>\n\t\t\t\t<section class=\"elementor-section elementor-top-section elementor-element elementor-element-4a468d8 elementor-section-boxed elementor-section-height-default elementor-section-height-default\" data-id=\"4a468d8\" data-element_type=\"section\">\n\t\t\t\t\t\t<div class=\"elementor-container elementor-column-gap-default\">\n\t\t\t\t\t<div class=\"elementor-column elementor-col-50 elementor-top-column elementor-element elementor-element-10c2a34\" data-id=\"10c2a34\" data-element_type=\"column\">\n\t\t\t<div class=\"elementor-widget-wrap elementor-element-populated\">\n\t\t\t\t\t\t<div class=\"elementor-element elementor-element-70d7759 elementor-widget elementor-widget-text-editor\" data-id=\"70d7759\" data-element_type=\"widget\" data-widget_type=\"text-editor.default\">\n\t\t\t\t<div class=\"elementor-widget-container\">\n\t\t\t\t\t\t\t\t\t<div><div><strong><span class=\"fs16 cf1 ff1\">OeProMa Projektrealisationen GmbH &amp; Berbergest\u00fct Al Ayur<\/span><\/strong><\/div><div><span class=\"fs16 ff1\">Familie Pfeiffer<\/span><\/div><div><span class=\"fs16 cf1 ff1\">S\u00f6rgerberg 17<\/span><\/div><div><span class=\"fs16 cf1 ff1\">9556 Liebenfels \/\u00a0<\/span>\u00d6sterreich<\/div><\/div><div><div><span class=\"fs16 cf1 ff1\">Telefon: +43 0676-9433003<br \/>E-Mail: info(at)oeproma.at<br \/><\/span><\/div><\/div>\t\t\t\t\t\t\t\t<\/div>\n\t\t\t\t<\/div>\n\t\t\t\t\t<\/div>\n\t\t<\/div>\n\t\t\t\t<div class=\"elementor-column elementor-col-50 elementor-top-column elementor-element elementor-element-9b6efc1\" data-id=\"9b6efc1\" data-element_type=\"column\">\n\t\t\t<div class=\"elementor-widget-wrap elementor-element-populated\">\n\t\t\t\t\t\t<div class=\"elementor-element elementor-element-560b716 elementor-widget elementor-widget-google_maps\" data-id=\"560b716\" data-element_type=\"widget\" data-widget_type=\"google_maps.default\">\n\t\t\t\t<div class=\"elementor-widget-container\">\n\t\t\t\t\t\t\t<div class=\"elementor-custom-embed\">\n\t\t\t<iframe loading=\"lazy\"\n\t\t\t\t\tsrc=\"https:\/\/maps.google.com\/maps?q=S%C3%B6rgerberg%2017%209556%20Liebenfels&#038;t=m&#038;z=10&#038;output=embed&#038;iwloc=near\"\n\t\t\t\t\ttitle=\"S\u00f6rgerberg 17 9556 Liebenfels\"\n\t\t\t\t\taria-label=\"S\u00f6rgerberg 17 9556 Liebenfels\"\n\t\t\t><\/iframe>\n\t\t<\/div>\n\t\t\t\t\t\t<\/div>\n\t\t\t\t<\/div>\n\t\t\t\t<div class=\"elementor-element elementor-element-89acc99 elementor-widget elementor-widget-spacer\" data-id=\"89acc99\" data-element_type=\"widget\" data-widget_type=\"spacer.default\">\n\t\t\t\t<div class=\"elementor-widget-container\">\n\t\t\t\t\t\t\t<div class=\"elementor-spacer\">\n\t\t\t<div class=\"elementor-spacer-inner\"><\/div>\n\t\t<\/div>\n\t\t\t\t\t\t<\/div>\n\t\t\t\t<\/div>\n\t\t\t\t\t<\/div>\n\t\t<\/div>\n\t\t\t\t\t<\/div>\n\t\t<\/section>\n\t\t\t\t<section class=\"elementor-section elementor-top-section elementor-element elementor-element-057c6aa elementor-section-boxed elementor-section-height-default elementor-section-height-default\" data-id=\"057c6aa\" data-element_type=\"section\">\n\t\t\t\t\t\t<div class=\"elementor-container elementor-column-gap-default\">\n\t\t\t\t\t<div class=\"elementor-column elementor-col-50 elementor-top-column elementor-element elementor-element-782c728\" data-id=\"782c728\" data-element_type=\"column\">\n\t\t\t<div class=\"elementor-widget-wrap elementor-element-populated\">\n\t\t\t\t\t\t<div class=\"elementor-element elementor-element-1275927 elementor-star-rating--align-center elementor--star-style-star_fontawesome elementor-widget elementor-widget-star-rating\" data-id=\"1275927\" data-element_type=\"widget\" data-widget_type=\"star-rating.default\">\n\t\t\t\t<div class=\"elementor-widget-container\">\n\t\t\t\t\t\n\t\t<div class=\"elementor-star-rating__wrapper\">\n\t\t\t\t\t\t<div class=\"elementor-star-rating\" title=\"5\/5\" itemtype=\"http:\/\/schema.org\/Rating\" itemscope=\"\" itemprop=\"reviewRating\"><i class=\"elementor-star-full\">&#xE934;<\/i><i class=\"elementor-star-full\">&#xE934;<\/i><i class=\"elementor-star-full\">&#xE934;<\/i><i class=\"elementor-star-full\">&#xE934;<\/i><i class=\"elementor-star-full\">&#xE934;<\/i> <span itemprop=\"ratingValue\" class=\"elementor-screen-only\">5\/5<\/span><\/div>\t\t<\/div>\n\t\t\t\t\t\t<\/div>\n\t\t\t\t<\/div>\n\t\t\t\t<div class=\"elementor-element elementor-element-28c24a7 elementor-widget elementor-widget-wp-widget-tag_cloud\" data-id=\"28c24a7\" data-element_type=\"widget\" data-widget_type=\"wp-widget-tag_cloud.default\">\n\t\t\t\t<div class=\"elementor-widget-container\">\n\t\t\t\t\t<h5>Tags<\/h5><div class=\"tagcloud\"><a href=\"https:\/\/oeproma.at\/en\/tag\/crowdfunding\" class=\"tag-cloud-link tag-link-15 tag-link-position-1\" style=\"font-size: 8pt;\" aria-label=\"Crowdfunding (1 item)\">Crowdfunding<\/a>\n<a href=\"https:\/\/oeproma.at\/en\/tag\/kaernten\" class=\"tag-cloud-link tag-link-11 tag-link-position-2\" style=\"font-size: 8pt;\" aria-label=\"K\u00e4rnten (1 item)\">K\u00e4rnten<\/a>\n<a href=\"https:\/\/oeproma.at\/en\/tag\/lasergame\" class=\"tag-cloud-link tag-link-16 tag-link-position-3\" style=\"font-size: 8pt;\" aria-label=\"LaserGame (1 item)\">LaserGame<\/a>\n<a href=\"https:\/\/oeproma.at\/en\/tag\/lasertag\" class=\"tag-cloud-link tag-link-14 tag-link-position-4\" style=\"font-size: 8pt;\" aria-label=\"LaserTag (1 item)\">LaserTag<\/a>\n<a href=\"https:\/\/oeproma.at\/en\/tag\/lazer-gaming\" class=\"tag-cloud-link tag-link-9 tag-link-position-5\" style=\"font-size: 8pt;\" aria-label=\"LaZer Gaming (1 item)\">LaZer Gaming<\/a>\n<a href=\"https:\/\/oeproma.at\/en\/tag\/live-action\" class=\"tag-cloud-link tag-link-10 tag-link-position-6\" style=\"font-size: 22pt;\" aria-label=\"Live Action (3 items)\">Live Action<\/a>\n<a href=\"https:\/\/oeproma.at\/en\/tag\/spiele\" class=\"tag-cloud-link tag-link-13 tag-link-position-7\" style=\"font-size: 8pt;\" aria-label=\"Spiele (1 item)\">Spiele<\/a>\n<a href=\"https:\/\/oeproma.at\/en\/tag\/video\" class=\"tag-cloud-link tag-link-8 tag-link-position-8\" style=\"font-size: 16.4pt;\" aria-label=\"Video (2 items)\">Video<\/a>\n<a href=\"https:\/\/oeproma.at\/en\/tag\/youtube\" class=\"tag-cloud-link tag-link-7 tag-link-position-9\" style=\"font-size: 8pt;\" aria-label=\"youtube (1 item)\">youtube<\/a><\/div>\n\t\t\t\t<\/div>\n\t\t\t\t<\/div>\n\t\t\t\t\t<\/div>\n\t\t<\/div>\n\t\t\t\t<div class=\"elementor-column elementor-col-50 elementor-top-column elementor-element elementor-element-2f592e4\" data-id=\"2f592e4\" data-element_type=\"column\">\n\t\t\t<div class=\"elementor-widget-wrap\">\n\t\t\t\t\t\t\t<\/div>\n\t\t<\/div>\n\t\t\t\t\t<\/div>\n\t\t<\/section>\n\t\t\t\t<\/div>","protected":false},"excerpt":{"rendered":"<p>Mit uns l\u00e4ssts sich in K\u00e4rnten gro\u00dfartig feiern Du suchst etwas Besonderes f\u00fcr eine Geburtstagsparty &#8211; sei es f\u00fcr Kinder, Jugendliche und\/oder Erwachsene? Oder m\u00f6chtest eine gr\u00f6\u00dfere Feier in einer besonderen Umgebung veranstalten? Auch auf solche W\u00fcnsche sind wir bestens vorbereitet! Bei Feierlichkeiten f\u00fcr Familien, mit Freunden oder der Firma bieten wir Unterkunft f\u00fcr bis&hellip; <br \/> <a class=\"read-more\" href=\"https:\/\/oeproma.at\/en\/geburtstage-feiern\">Read more<\/a><\/p>","protected":false},"author":1,"featured_media":0,"parent":0,"menu_order":0,"comment_status":"closed","ping_status":"closed","template":"","meta":{"jetpack_post_was_ever_published":false,"footnotes":""},"jetpack_sharing_enabled":true,"jetpack_shortlink":"https:\/\/wp.me\/PaDU6A-249","jetpack-related-posts":[],"_links":{"self":[{"href":"https:\/\/oeproma.at\/en\/wp-json\/wp\/v2\/pages\/7945"}],"collection":[{"href":"https:\/\/oeproma.at\/en\/wp-json\/wp\/v2\/pages"}],"about":[{"href":"https:\/\/oeproma.at\/en\/wp-json\/wp\/v2\/types\/page"}],"author":[{"embeddable":true,"href":"https:\/\/oeproma.at\/en\/wp-json\/wp\/v2\/users\/1"}],"replies":[{"embeddable":true,"href":"https:\/\/oeproma.at\/en\/wp-json\/wp\/v2\/comments?post=7945"}],"version-history":[{"count":141,"href":"https:\/\/oeproma.at\/en\/wp-json\/wp\/v2\/pages\/7945\/revisions"}],"predecessor-version":[{"id":9073,"href":"https:\/\/oeproma.at\/en\/wp-json\/wp\/v2\/pages\/7945\/revisions\/9073"}],"wp:attachment":[{"href":"https:\/\/oeproma.at\/en\/wp-json\/wp\/v2\/media?parent=7945"}],"curies":[{"name":"wp","href":"https:\/\/api.w.org\/{rel}","templated":true}]}}