{"id":11,"date":"2019-01-21T19:02:16","date_gmt":"2019-01-21T19:02:16","guid":{"rendered":"http:\/\/oeproma.at\/?page_id=11"},"modified":"2023-11-18T18:16:11","modified_gmt":"2023-11-18T18:16:11","slug":"ueber-mich","status":"publish","type":"page","link":"https:\/\/oeproma.at\/en\/ueber-mich","title":{"rendered":"\u00dcber uns"},"content":{"rendered":"<div data-elementor-type=\"wp-post\" data-elementor-id=\"11\" class=\"elementor elementor-11\">\n\t\t\t\t\t\t<section class=\"elementor-section elementor-top-section elementor-element elementor-element-b19d114 elementor-section-boxed elementor-section-height-default elementor-section-height-default\" data-id=\"b19d114\" data-element_type=\"section\">\n\t\t\t\t\t\t<div class=\"elementor-container elementor-column-gap-default\">\n\t\t\t\t\t<div class=\"elementor-column elementor-col-100 elementor-top-column elementor-element elementor-element-f07076d\" data-id=\"f07076d\" data-element_type=\"column\">\n\t\t\t<div class=\"elementor-widget-wrap elementor-element-populated\">\n\t\t\t\t\t\t<div class=\"elementor-element elementor-element-ef2c6b5 elementor-widget elementor-widget-heading\" data-id=\"ef2c6b5\" data-element_type=\"widget\" data-widget_type=\"heading.default\">\n\t\t\t\t<div class=\"elementor-widget-container\">\n\t\t\t\t\t<h2 class=\"elementor-heading-title elementor-size-default\">Erlebnis-Urlaub, Berber-Zucht &amp; Projektentwicklung<\/h2>\t\t\t\t<\/div>\n\t\t\t\t<\/div>\n\t\t\t\t\t<\/div>\n\t\t<\/div>\n\t\t\t\t\t<\/div>\n\t\t<\/section>\n\t\t\t\t<section class=\"elementor-section elementor-top-section elementor-element elementor-element-7f1846bf elementor-section-boxed elementor-section-height-default elementor-section-height-default\" data-id=\"7f1846bf\" data-element_type=\"section\">\n\t\t\t\t\t\t<div class=\"elementor-container elementor-column-gap-default\">\n\t\t\t\t\t<div class=\"elementor-column elementor-col-100 elementor-top-column elementor-element elementor-element-1d34aaf9\" data-id=\"1d34aaf9\" data-element_type=\"column\">\n\t\t\t<div class=\"elementor-widget-wrap elementor-element-populated\">\n\t\t\t\t\t\t<div class=\"elementor-element elementor-element-6f8d2b1 elementor-widget elementor-widget-text-editor\" data-id=\"6f8d2b1\" data-element_type=\"widget\" data-widget_type=\"text-editor.default\">\n\t\t\t\t<div class=\"elementor-widget-container\">\n\t\t\t\t\t\t\t\t\t<p><strong>H<\/strong><b>erzlich Willkommen auf unserer Website!<br \/><\/b><br \/>Wir sind ein sechsk\u00f6pfiges <strong>Familienunternehmen<\/strong> mit einer Menge an kreativem Potential. Einerseits betreiben wir eine exquisite\u00a0<a href=\"http:\/\/www.berberzucht.at\"><strong>Berberpferde-Zucht<\/strong><\/a>. Andererseits besch\u00e4ftigen wir uns mit der <strong>Entwicklung von weiteren anspruchsvollen Projekten<\/strong>, wie beispielsweise <a href=\"http:\/\/oeproma.at\/en\/die-soerger-kerkerflucht\/\"><strong>Escape-Room-Systemen<\/strong><\/a> oder einem weltweit einzigartigen, <strong>umweltfreundlichen <a href=\"http:\/\/oeproma.at\/en\/lazer-tournament\/\">LaserTag-Spiel<\/a><\/strong>. Zwei <a href=\"http:\/\/oeproma.at\/en\/urlaub\/\">Alm-Chalets und weitere Ferienunterk\u00fcnfte<\/a> sind ebenfalls essentieller Teil unseres Hofes.<\/p><p>Unsere Familie besteht aus uns, Jessica und Hilmar Pfeiffer, unserer Tochter Lea (*2001), unserem Sohn Kilian (*2003), unserem Sohn Corvin (*2009) und dem kleinen Gideon (*2012). Dazu kommen au\u00dfer den Pferden unsere Dobermannr\u00fcden Atos und Chapeu, sowie unsere Katze Saphira und die Kater Garfield, Thunder und Krabat.<\/p>\t\t\t\t\t\t\t\t<\/div>\n\t\t\t\t<\/div>\n\t\t\t\t\t<\/div>\n\t\t<\/div>\n\t\t\t\t\t<\/div>\n\t\t<\/section>\n\t\t\t\t<section class=\"elementor-section elementor-top-section elementor-element elementor-element-d4eebc1 elementor-section-boxed elementor-section-height-default elementor-section-height-default\" data-id=\"d4eebc1\" data-element_type=\"section\">\n\t\t\t\t\t\t<div class=\"elementor-container elementor-column-gap-default\">\n\t\t\t\t\t<div class=\"elementor-column elementor-col-100 elementor-top-column elementor-element elementor-element-0cc8701\" data-id=\"0cc8701\" data-element_type=\"column\">\n\t\t\t<div class=\"elementor-widget-wrap elementor-element-populated\">\n\t\t\t\t\t\t<div class=\"elementor-element elementor-element-c324483 elementor-arrows-position-inside elementor-pagination-position-outside elementor-widget elementor-widget-image-carousel\" data-id=\"c324483\" data-element_type=\"widget\" data-settings=\"{&quot;navigation&quot;:&quot;both&quot;,&quot;autoplay&quot;:&quot;yes&quot;,&quot;pause_on_hover&quot;:&quot;yes&quot;,&quot;pause_on_interaction&quot;:&quot;yes&quot;,&quot;autoplay_speed&quot;:5000,&quot;infinite&quot;:&quot;yes&quot;,&quot;speed&quot;:500}\" data-widget_type=\"image-carousel.default\">\n\t\t\t\t<div class=\"elementor-widget-container\">\n\t\t\t\t\t\t\t<div class=\"elementor-image-carousel-wrapper swiper\" role=\"region\" aria-roledescription=\"carousel\" aria-label=\"Image Carousel\" dir=\"ltr\">\n\t\t\t<div class=\"elementor-image-carousel swiper-wrapper swiper-image-stretch\" aria-live=\"off\">\n\t\t\t\t\t\t\t\t<div class=\"swiper-slide\" role=\"group\" aria-roledescription=\"slide\" aria-label=\"1 of 5\"><a data-elementor-open-lightbox=\"yes\" data-elementor-lightbox-slideshow=\"c324483\" data-elementor-lightbox-title=\"Tochter Familie\" data-e-action-hash=\"#elementor-action%3Aaction%3Dlightbox%26settings%3DeyJpZCI6NzkzMSwidXJsIjoiaHR0cHM6XC9cL29lcHJvbWEuYXRcL3dwLWNvbnRlbnRcL3VwbG9hZHNcLzIwMTlcLzAyXC9Ub2NodGVyLUZhbWlsaWUuanBnIiwic2xpZGVzaG93IjoiYzMyNDQ4MyJ9\" href=\"https:\/\/oeproma.at\/wp-content\/uploads\/2019\/02\/Tochter-Familie.jpg\"><figure class=\"swiper-slide-inner\"><img decoding=\"async\" class=\"swiper-slide-image\" src=\"https:\/\/i0.wp.com\/oeproma.at\/wp-content\/uploads\/2019\/02\/Tochter-Familie.jpg?fit=300%2C200&amp;ssl=1\" alt=\"Tochter Familie\" \/><\/figure><\/a><\/div><div class=\"swiper-slide\" role=\"group\" aria-roledescription=\"slide\" aria-label=\"2 of 5\"><a data-elementor-open-lightbox=\"yes\" data-elementor-lightbox-slideshow=\"c324483\" data-elementor-lightbox-title=\"Paadaash11\" data-e-action-hash=\"#elementor-action%3Aaction%3Dlightbox%26settings%3DeyJpZCI6NzkyNiwidXJsIjoiaHR0cHM6XC9cL29lcHJvbWEuYXRcL3dwLWNvbnRlbnRcL3VwbG9hZHNcLzIwMTlcLzAyXC9QYWFkYWFzaDExLmpwZyIsInNsaWRlc2hvdyI6ImMzMjQ0ODMifQ%3D%3D\" href=\"https:\/\/oeproma.at\/wp-content\/uploads\/2019\/02\/Paadaash11.jpg\"><figure class=\"swiper-slide-inner\"><img decoding=\"async\" class=\"swiper-slide-image\" src=\"https:\/\/i0.wp.com\/oeproma.at\/wp-content\/uploads\/2019\/02\/Paadaash11.jpg?fit=300%2C200&amp;ssl=1\" alt=\"Paadaash11\" \/><\/figure><\/a><\/div><div class=\"swiper-slide\" role=\"group\" aria-roledescription=\"slide\" aria-label=\"3 of 5\"><a data-elementor-open-lightbox=\"yes\" data-elementor-lightbox-slideshow=\"c324483\" data-elementor-lightbox-title=\"jessica Reitet 2\" data-e-action-hash=\"#elementor-action%3Aaction%3Dlightbox%26settings%3DeyJpZCI6NzkyOSwidXJsIjoiaHR0cHM6XC9cL29lcHJvbWEuYXRcL3dwLWNvbnRlbnRcL3VwbG9hZHNcLzIwMTlcLzAyXC9qZXNzaWNhLVJlaXRldC0yLmpwZyIsInNsaWRlc2hvdyI6ImMzMjQ0ODMifQ%3D%3D\" href=\"https:\/\/oeproma.at\/wp-content\/uploads\/2019\/02\/jessica-Reitet-2.jpg\"><figure class=\"swiper-slide-inner\"><img decoding=\"async\" class=\"swiper-slide-image\" src=\"https:\/\/i0.wp.com\/oeproma.at\/wp-content\/uploads\/2019\/02\/jessica-Reitet-2.jpg?fit=300%2C200&amp;ssl=1\" alt=\"jessica Reitet 2\" \/><\/figure><\/a><\/div><div class=\"swiper-slide\" role=\"group\" aria-roledescription=\"slide\" aria-label=\"4 of 5\"><a data-elementor-open-lightbox=\"yes\" data-elementor-lightbox-slideshow=\"c324483\" data-elementor-lightbox-title=\"Himar Familie\" data-e-action-hash=\"#elementor-action%3Aaction%3Dlightbox%26settings%3DeyJpZCI6NzkyOCwidXJsIjoiaHR0cHM6XC9cL29lcHJvbWEuYXRcL3dwLWNvbnRlbnRcL3VwbG9hZHNcLzIwMTlcLzAyXC9IaW1hci1GYW1pbGllLmpwZyIsInNsaWRlc2hvdyI6ImMzMjQ0ODMifQ%3D%3D\" href=\"https:\/\/oeproma.at\/wp-content\/uploads\/2019\/02\/Himar-Familie.jpg\"><figure class=\"swiper-slide-inner\"><img decoding=\"async\" class=\"swiper-slide-image\" src=\"https:\/\/i0.wp.com\/oeproma.at\/wp-content\/uploads\/2019\/02\/Himar-Familie.jpg?fit=300%2C200&amp;ssl=1\" alt=\"Himar Familie\" \/><\/figure><\/a><\/div><div class=\"swiper-slide\" role=\"group\" aria-roledescription=\"slide\" aria-label=\"5 of 5\"><a data-elementor-open-lightbox=\"yes\" data-elementor-lightbox-slideshow=\"c324483\" data-elementor-lightbox-title=\"Poolspasz02\" data-e-action-hash=\"#elementor-action%3Aaction%3Dlightbox%26settings%3DeyJpZCI6NzkzMCwidXJsIjoiaHR0cHM6XC9cL29lcHJvbWEuYXRcL3dwLWNvbnRlbnRcL3VwbG9hZHNcLzIwMTlcLzAyXC9Qb29sc3Bhc3owMi0xLnBuZyIsInNsaWRlc2hvdyI6ImMzMjQ0ODMifQ%3D%3D\" href=\"https:\/\/oeproma.at\/wp-content\/uploads\/2019\/02\/Poolspasz02-1.png\"><figure class=\"swiper-slide-inner\"><img decoding=\"async\" class=\"swiper-slide-image\" src=\"https:\/\/i0.wp.com\/oeproma.at\/wp-content\/uploads\/2019\/02\/Poolspasz02-1.png?fit=300%2C200&amp;ssl=1\" alt=\"Poolspasz02\" \/><\/figure><\/a><\/div>\t\t\t<\/div>\n\t\t\t\t\t\t\t\t\t\t\t\t<div class=\"elementor-swiper-button elementor-swiper-button-prev\" role=\"button\" tabindex=\"0\">\n\t\t\t\t\t\t<i aria-hidden=\"true\" class=\"eicon-chevron-left\"><\/i>\t\t\t\t\t<\/div>\n\t\t\t\t\t<div class=\"elementor-swiper-button elementor-swiper-button-next\" role=\"button\" tabindex=\"0\">\n\t\t\t\t\t\t<i aria-hidden=\"true\" class=\"eicon-chevron-right\"><\/i>\t\t\t\t\t<\/div>\n\t\t\t\t\n\t\t\t\t\t\t\t\t\t<div class=\"swiper-pagination\"><\/div>\n\t\t\t\t\t\t\t\t\t<\/div>\n\t\t\t\t\t\t<\/div>\n\t\t\t\t<\/div>\n\t\t\t\t\t<\/div>\n\t\t<\/div>\n\t\t\t\t\t<\/div>\n\t\t<\/section>\n\t\t\t\t<section class=\"elementor-section elementor-top-section elementor-element elementor-element-b24c777 elementor-section-boxed elementor-section-height-default elementor-section-height-default\" data-id=\"b24c777\" data-element_type=\"section\">\n\t\t\t\t\t\t<div class=\"elementor-container elementor-column-gap-default\">\n\t\t\t\t\t<div class=\"elementor-column elementor-col-100 elementor-top-column elementor-element elementor-element-0522bcf\" data-id=\"0522bcf\" data-element_type=\"column\">\n\t\t\t<div class=\"elementor-widget-wrap elementor-element-populated\">\n\t\t\t\t\t\t<div class=\"elementor-element elementor-element-02120b6 elementor-widget elementor-widget-text-editor\" data-id=\"02120b6\" data-element_type=\"widget\" data-widget_type=\"text-editor.default\">\n\t\t\t\t<div class=\"elementor-widget-container\">\n\t\t\t\t\t\t\t\t\t<p>Wir sind im Herbst 2009 aus Deutschland \u2013 genauer gesagt aus Witten am Rande des Ruhrgebietes \u2013 ins wundersch\u00f6ne K\u00e4rnten \u00fcbergesiedelt. Hier bewirtschaften wir auf knapp 1250 m H\u00f6he und mit traumhafter Aussicht auf die Karawanken einen 16 ha gro\u00dfen Hof.\u00a0<\/p><p>Trotz idyllischer Alleinlage sind wir nur 15 min. von der Herzogstadt St. Veit an der Glan und nur 30 min. vom Klagenfurter Flughafen entfernt. Angeschlossen sind wir direkt an das Reitwegenetz des Reiteldorado K\u00e4rnten, das \u00fcber 1500 km erstklassige Reitwege in K\u00e4rnten verwaltet.<\/p><p>Unser Anspruch und unsere Freude liegen in der st\u00e4ndigen Erweiterung und Verfeinerung unseres Angebotes.<\/p><p>Wir freuen uns auf Deinen Besuch!<br \/>Deine Familie Pfeiffer<\/p>\t\t\t\t\t\t\t\t<\/div>\n\t\t\t\t<\/div>\n\t\t\t\t\t<\/div>\n\t\t<\/div>\n\t\t\t\t\t<\/div>\n\t\t<\/section>\n\t\t\t\t<section class=\"elementor-section elementor-top-section elementor-element elementor-element-84ffae4 elementor-section-boxed elementor-section-height-default elementor-section-height-default\" data-id=\"84ffae4\" data-element_type=\"section\">\n\t\t\t\t\t\t<div class=\"elementor-container elementor-column-gap-default\">\n\t\t\t\t\t<div class=\"elementor-column elementor-col-50 elementor-top-column elementor-element elementor-element-edf6e7a\" data-id=\"edf6e7a\" data-element_type=\"column\">\n\t\t\t<div class=\"elementor-widget-wrap elementor-element-populated\">\n\t\t\t\t\t\t<div class=\"elementor-element elementor-element-ba29397 elementor-widget elementor-widget-text-editor\" data-id=\"ba29397\" data-element_type=\"widget\" data-widget_type=\"text-editor.default\">\n\t\t\t\t<div class=\"elementor-widget-container\">\n\t\t\t\t\t\t\t\t\t<div><div><strong><span class=\"fs16 cf1 ff1\">OeProMa Projektrealisationen GmbH<br \/>&amp; Berbergest\u00fct Al Ayur<\/span><\/strong><\/div><div><span class=\"fs16 ff1\">Familie Pfeiffer<\/span><\/div><div><span class=\"fs16 cf1 ff1\">S\u00f6rgerberg 17<\/span><\/div><div><span class=\"fs16 cf1 ff1\">9556 Liebenfels \/\u00a0<\/span>\u00d6sterreich<\/div><\/div><div><div>\u00a0<\/div><div><span class=\"fs16 cf1 ff1\">Telefon: +43 0676-9433003<\/span><\/div><\/div>\t\t\t\t\t\t\t\t<\/div>\n\t\t\t\t<\/div>\n\t\t\t\t\t<\/div>\n\t\t<\/div>\n\t\t\t\t<div class=\"elementor-column elementor-col-50 elementor-top-column elementor-element elementor-element-4c1491c\" data-id=\"4c1491c\" data-element_type=\"column\">\n\t\t\t<div class=\"elementor-widget-wrap elementor-element-populated\">\n\t\t\t\t\t\t<div class=\"elementor-element elementor-element-5843881 elementor-widget elementor-widget-spacer\" data-id=\"5843881\" data-element_type=\"widget\" data-widget_type=\"spacer.default\">\n\t\t\t\t<div class=\"elementor-widget-container\">\n\t\t\t\t\t\t\t<div class=\"elementor-spacer\">\n\t\t\t<div class=\"elementor-spacer-inner\"><\/div>\n\t\t<\/div>\n\t\t\t\t\t\t<\/div>\n\t\t\t\t<\/div>\n\t\t\t\t<div class=\"elementor-element elementor-element-fa80918 elementor-widget elementor-widget-google_maps\" data-id=\"fa80918\" data-element_type=\"widget\" data-widget_type=\"google_maps.default\">\n\t\t\t\t<div class=\"elementor-widget-container\">\n\t\t\t\t\t\t\t<div class=\"elementor-custom-embed\">\n\t\t\t<iframe loading=\"lazy\"\n\t\t\t\t\tsrc=\"https:\/\/maps.google.com\/maps?q=S%C3%B6rgerberg%2017%209556%20Liebenfels&#038;t=m&#038;z=10&#038;output=embed&#038;iwloc=near\"\n\t\t\t\t\ttitle=\"S\u00f6rgerberg 17 9556 Liebenfels\"\n\t\t\t\t\taria-label=\"S\u00f6rgerberg 17 9556 Liebenfels\"\n\t\t\t><\/iframe>\n\t\t<\/div>\n\t\t\t\t\t\t<\/div>\n\t\t\t\t<\/div>\n\t\t\t\t\t<\/div>\n\t\t<\/div>\n\t\t\t\t\t<\/div>\n\t\t<\/section>\n\t\t\t\t<section class=\"elementor-section elementor-top-section elementor-element elementor-element-91bab61 elementor-section-boxed elementor-section-height-default elementor-section-height-default\" data-id=\"91bab61\" data-element_type=\"section\">\n\t\t\t\t\t\t<div class=\"elementor-container elementor-column-gap-default\">\n\t\t\t\t\t<div class=\"elementor-column elementor-col-100 elementor-top-column elementor-element elementor-element-c0f7250\" data-id=\"c0f7250\" data-element_type=\"column\">\n\t\t\t<div class=\"elementor-widget-wrap elementor-element-populated\">\n\t\t\t\t\t\t<div class=\"elementor-element elementor-element-831572a elementor-star-rating--align-center elementor--star-style-star_fontawesome elementor-widget elementor-widget-star-rating\" data-id=\"831572a\" data-element_type=\"widget\" data-widget_type=\"star-rating.default\">\n\t\t\t\t<div class=\"elementor-widget-container\">\n\t\t\t\t\t\n\t\t<div class=\"elementor-star-rating__wrapper\">\n\t\t\t\t\t\t<div class=\"elementor-star-rating\" title=\"5\/5\" itemtype=\"http:\/\/schema.org\/Rating\" itemscope=\"\" itemprop=\"reviewRating\"><i class=\"elementor-star-full\">&#xE934;<\/i><i class=\"elementor-star-full\">&#xE934;<\/i><i class=\"elementor-star-full\">&#xE934;<\/i><i class=\"elementor-star-full\">&#xE934;<\/i><i class=\"elementor-star-full\">&#xE934;<\/i> <span itemprop=\"ratingValue\" class=\"elementor-screen-only\">5\/5<\/span><\/div>\t\t<\/div>\n\t\t\t\t\t\t<\/div>\n\t\t\t\t<\/div>\n\t\t\t\t<div class=\"elementor-element elementor-element-9ca0b3a elementor-widget elementor-widget-wp-widget-tag_cloud\" data-id=\"9ca0b3a\" data-element_type=\"widget\" data-widget_type=\"wp-widget-tag_cloud.default\">\n\t\t\t\t<div class=\"elementor-widget-container\">\n\t\t\t\t\t<h5>Tags<\/h5><div class=\"tagcloud\"><a href=\"https:\/\/oeproma.at\/en\/tag\/crowdfunding\" class=\"tag-cloud-link tag-link-15 tag-link-position-1\" style=\"font-size: 8pt;\" aria-label=\"Crowdfunding (1 item)\">Crowdfunding<\/a>\n<a href=\"https:\/\/oeproma.at\/en\/tag\/kaernten\" class=\"tag-cloud-link tag-link-11 tag-link-position-2\" style=\"font-size: 8pt;\" aria-label=\"K\u00e4rnten (1 item)\">K\u00e4rnten<\/a>\n<a href=\"https:\/\/oeproma.at\/en\/tag\/lasergame\" class=\"tag-cloud-link tag-link-16 tag-link-position-3\" style=\"font-size: 8pt;\" aria-label=\"LaserGame (1 item)\">LaserGame<\/a>\n<a href=\"https:\/\/oeproma.at\/en\/tag\/lasertag\" class=\"tag-cloud-link tag-link-14 tag-link-position-4\" style=\"font-size: 8pt;\" aria-label=\"LaserTag (1 item)\">LaserTag<\/a>\n<a href=\"https:\/\/oeproma.at\/en\/tag\/lazer-gaming\" class=\"tag-cloud-link tag-link-9 tag-link-position-5\" style=\"font-size: 8pt;\" aria-label=\"LaZer Gaming (1 item)\">LaZer Gaming<\/a>\n<a href=\"https:\/\/oeproma.at\/en\/tag\/live-action\" class=\"tag-cloud-link tag-link-10 tag-link-position-6\" style=\"font-size: 22pt;\" aria-label=\"Live Action (3 items)\">Live Action<\/a>\n<a href=\"https:\/\/oeproma.at\/en\/tag\/spiele\" class=\"tag-cloud-link tag-link-13 tag-link-position-7\" style=\"font-size: 8pt;\" aria-label=\"Spiele (1 item)\">Spiele<\/a>\n<a href=\"https:\/\/oeproma.at\/en\/tag\/video\" class=\"tag-cloud-link tag-link-8 tag-link-position-8\" style=\"font-size: 16.4pt;\" aria-label=\"Video (2 items)\">Video<\/a>\n<a href=\"https:\/\/oeproma.at\/en\/tag\/youtube\" class=\"tag-cloud-link tag-link-7 tag-link-position-9\" style=\"font-size: 8pt;\" aria-label=\"youtube (1 item)\">youtube<\/a><\/div>\n\t\t\t\t<\/div>\n\t\t\t\t<\/div>\n\t\t\t\t\t<\/div>\n\t\t<\/div>\n\t\t\t\t\t<\/div>\n\t\t<\/section>\n\t\t\t\t<\/div>","protected":false},"excerpt":{"rendered":"<p>Erlebnis-Urlaub, Berber-Zucht &amp; Projektentwicklung Herzlich Willkommen auf unserer Website!Wir sind ein sechsk\u00f6pfiges Familienunternehmen mit einer Menge an kreativem Potential. Einerseits betreiben wir eine exquisite\u00a0Berberpferde-Zucht. Andererseits besch\u00e4ftigen wir uns mit der Entwicklung von weiteren anspruchsvollen Projekten, wie beispielsweise Escape-Room-Systemen oder einem weltweit einzigartigen, umweltfreundlichen LaserTag-Spiel. Zwei Alm-Chalets und weitere Ferienunterk\u00fcnfte sind ebenfalls essentieller Teil unseres Hofes.&hellip; <br \/> <a class=\"read-more\" href=\"https:\/\/oeproma.at\/en\/ueber-mich\">Read more<\/a><\/p>","protected":false},"author":1,"featured_media":0,"parent":0,"menu_order":0,"comment_status":"closed","ping_status":"closed","template":"","meta":{"jetpack_post_was_ever_published":false,"footnotes":""},"jetpack_sharing_enabled":true,"jetpack_shortlink":"https:\/\/wp.me\/PaDU6A-b","jetpack-related-posts":[],"_links":{"self":[{"href":"https:\/\/oeproma.at\/en\/wp-json\/wp\/v2\/pages\/11"}],"collection":[{"href":"https:\/\/oeproma.at\/en\/wp-json\/wp\/v2\/pages"}],"about":[{"href":"https:\/\/oeproma.at\/en\/wp-json\/wp\/v2\/types\/page"}],"author":[{"embeddable":true,"href":"https:\/\/oeproma.at\/en\/wp-json\/wp\/v2\/users\/1"}],"replies":[{"embeddable":true,"href":"https:\/\/oeproma.at\/en\/wp-json\/wp\/v2\/comments?post=11"}],"version-history":[{"count":42,"href":"https:\/\/oeproma.at\/en\/wp-json\/wp\/v2\/pages\/11\/revisions"}],"predecessor-version":[{"id":9011,"href":"https:\/\/oeproma.at\/en\/wp-json\/wp\/v2\/pages\/11\/revisions\/9011"}],"wp:attachment":[{"href":"https:\/\/oeproma.at\/en\/wp-json\/wp\/v2\/media?parent=11"}],"curies":[{"name":"wp","href":"https:\/\/api.w.org\/{rel}","templated":true}]}}